{"id":990450,"date":"2025-10-06T08:15:32","date_gmt":"2025-10-06T08:15:32","guid":{"rendered":"https:\/\/arterialstudio.com\/producto\/papier-transfert-thermique-spirit\/"},"modified":"2025-10-06T08:15:32","modified_gmt":"2025-10-06T08:15:32","slug":"papier-transfert-thermique-spirit","status":"publish","type":"product","link":"https:\/\/arterialstudio.com\/fr\/producto\/papier-transfert-thermique-spirit\/","title":{"rendered":"Papier transfert thermique SPIRIT."},"content":{"rendered":"<div class=\"vgblk-rw-wrapper limit-wrapper\">Description du produit :<\/p>\n<p>Papier transfert thermique pour tatouage DL-803 SPIRIT.<\/p>\n<p>Mat\u00e9riau: \u00e0 base d&rsquo;huile.<\/p>\n<p>Format du papier: 21 x 29,7 cm (A4).<\/p>\n<p>Taille du paquet 31,5 x 22 x 2,5 cm.<\/p>\n<p>Papier de transfert de pochoir de tatouage professionnel pour transf\u00e9rer votre dessin sur la peau.<\/p>\n<p>Bon effet de transfert.<\/p>\n<p>Il peut \u00eatre utilis\u00e9 avec un copieur thermique ou une imprimante \u00e0 stencil.<\/p>\n<p>Chaque feuille de papier thermique comporte: 4 couches.<\/p>\n<p>1) La couche sup\u00e9rieure est blanche. C&rsquo;est le calque sur lequel votre image sera transf\u00e9r\u00e9e. <\/p>\n<p>2) La deuxi\u00e8me couche n\u2019est pas li\u00e9e et est d\u2019un blanc laiteux pour la pr\u00e9vention des rayures. G\u00e9n\u00e9ralement, cette couche est jet\u00e9e. <\/p>\n<p>3) La troisi\u00e8me couche est le carbone (papier violet\/bleu). En appuyant sur cette couche, le rev\u00eatement violet\/bleu est transf\u00e9r\u00e9 sur la feuille sup\u00e9rieure. <\/p>\n<p>4) La quatri\u00e8me feuille inf\u00e9rieure est jaune et maintient l&rsquo;original en place lors de l&rsquo;utilisation d&rsquo;une photocopieuse au stencil.<\/p>\n<p>Tous nos produits incluent la TVA.<\/p><\/div>\n<p><!-- .vgblk-rw-wrapper --><\/p>\n","protected":false},"excerpt":{"rendered":"<p>Description du produit : Papier transfert thermique pour tatouage DL-803 SPIRIT. Mat\u00e9riau: \u00e0 base d&rsquo;huile. Format du papier: 21 x 29,7 cm (A4). Taille du paquet 31,5 x 22 x 2,5 cm. Papier de transfert de pochoir de tatouage professionnel pour transf\u00e9rer votre dessin sur la peau. Bon effet de transfert. Il peut \u00eatre utilis\u00e9&#8230;<\/p>\n","protected":false},"featured_media":990442,"comment_status":"open","ping_status":"closed","template":"","meta":[],"product_brand":[],"product_cat":[176],"product_tag":[],"class_list":{"0":"post-990450","1":"product","2":"type-product","3":"status-publish","4":"has-post-thumbnail","6":"product_cat-conception","8":"first","9":"instock","10":"taxable","11":"shipping-taxable","12":"purchasable","13":"product-type-variable"},"jetpack_sharing_enabled":true,"_links":{"self":[{"href":"https:\/\/arterialstudio.com\/fr\/wp-json\/wp\/v2\/product\/990450","targetHints":{"allow":["GET"]}}],"collection":[{"href":"https:\/\/arterialstudio.com\/fr\/wp-json\/wp\/v2\/product"}],"about":[{"href":"https:\/\/arterialstudio.com\/fr\/wp-json\/wp\/v2\/types\/product"}],"replies":[{"embeddable":true,"href":"https:\/\/arterialstudio.com\/fr\/wp-json\/wp\/v2\/comments?post=990450"}],"wp:featuredmedia":[{"embeddable":true,"href":"https:\/\/arterialstudio.com\/fr\/wp-json\/wp\/v2\/media\/990442"}],"wp:attachment":[{"href":"https:\/\/arterialstudio.com\/fr\/wp-json\/wp\/v2\/media?parent=990450"}],"wp:term":[{"taxonomy":"product_brand","embeddable":true,"href":"https:\/\/arterialstudio.com\/fr\/wp-json\/wp\/v2\/product_brand?post=990450"},{"taxonomy":"product_cat","embeddable":true,"href":"https:\/\/arterialstudio.com\/fr\/wp-json\/wp\/v2\/product_cat?post=990450"},{"taxonomy":"product_tag","embeddable":true,"href":"https:\/\/arterialstudio.com\/fr\/wp-json\/wp\/v2\/product_tag?post=990450"}],"curies":[{"name":"wp","href":"https:\/\/api.w.org\/{rel}","templated":true}]}}