{"id":990400,"date":"2025-10-04T15:35:44","date_gmt":"2025-10-04T15:35:44","guid":{"rendered":"https:\/\/arterialstudio.com\/producto\/copieur-thermique-a-pochoir-filaire\/"},"modified":"2025-10-04T15:35:44","modified_gmt":"2025-10-04T15:35:44","slug":"copieur-thermique-a-pochoir-filaire","status":"publish","type":"product","link":"https:\/\/arterialstudio.com\/fr\/producto\/copieur-thermique-a-pochoir-filaire\/","title":{"rendered":"Copieur thermique \u00e0 pochoir (filaire)"},"content":{"rendered":"<div class=\"vgblk-rw-wrapper limit-wrapper\">Photocopieur \u00e0 pochoir thermographique<\/p>\n<p>Caract\u00e9ristiques :<\/p>\n<p>Id\u00e9al pour les tatoueurs : Le copieur thermique est sp\u00e9cialement con\u00e7u pour les passionn\u00e9s de tatouage. Gr\u00e2ce \u00e0 la technologie thermique, il transf\u00e8re efficacement les motifs de tatouage du papier ordinaire au papier stencil, en quelques \u00e9tapes simples et sans erreur. Vous gagnez ainsi du temps \u00e0 dessiner \u00e0 la main sur la peau ou \u00e0 tracer sur du papier stencil. Pas besoin de recharges ni d&rsquo;encre, ce qui le rend plus \u00e9conomique que d&rsquo;autres imprimantes. Utilise les pochoirs de tatouage traditionnels. Compatible avec les formats de papier A4 et A5. 30 feuilles de transfert sont incluses.     <\/p>\n<p>Plusieurs r\u00e9glages : les modes Miroir, Photo et deux r\u00e9glages de profondeur (I et II pour les lignes fines et \u00e9paisses) s&rsquo;adaptent \u00e0 vos diff\u00e9rents besoins de copie de pochoirs. Les boutons Copier et Arr\u00eat sont pratiques. <\/p>\n<p>Facile \u00e0 utiliser : La machine de transfert de pochoirs de tatouage est facile \u00e0 utiliser, m\u00eame pour les personnes inexp\u00e9riment\u00e9es. Son interface intuitive et son processus de transfert simple permettent \u00e0 tout tatoueur de se lancer rapidement et efficacement. <\/p>\n<p>L\u00e9g\u00e8re : Cette imprimante ne p\u00e8se que 1,5 kg et s&rsquo;int\u00e8gre parfaitement \u00e0 tout bureau, comptoir ou espace de travail. Rapide \u00e0 d\u00e9placer et facile \u00e0 ranger, elle est plus pratique. Plus important encore, elle ne surchauffe pas facilement.  <\/p>\n<p>2 voyants lumineux : Le voyant d&rsquo;alimentation indique quand la machine commence \u00e0 fonctionner, le voyant d&rsquo;erreur indique un probl\u00e8me avec la machine, comme une surchauffe.<\/p>\n<p>Observations :<\/p>\n<p>Pour obtenir un meilleur effet de transfert, la machine doit reposer quelques minutes apr\u00e8s avoir copi\u00e9 1 \u00e0 2 feuilles.<\/p>\n<p>Cette machine ne convient pas aux motifs ombr\u00e9s complexes, elle convient uniquement aux motifs simples avec des lignes claires (voir les photos dans la description du produit pour r\u00e9f\u00e9rence).<\/p>\n<p>Un papier de transfert de mauvaise qualit\u00e9, du papier froiss\u00e9 ou un bourrage papier entra\u00eeneront une mauvaise impression, assurez-vous donc que la qualit\u00e9 du papier de transfert est bonne.<\/p>\n<p>Sp\u00e9cifications :<\/p>\n<p>Mode de num\u00e9risation : CIS<\/p>\n<p>Largeur de num\u00e9risation effective : environ 210 mm <\/p>\n<p>R\u00e9solution de num\u00e9risation : horizontale : 8 points\/mm, verticale : 7,7 lignes\/mm<\/p>\n<p>Type de document : amende\/photo<\/p>\n<p>Taille du document : A5 &#8211; A4<\/p>\n<p>\u00c9paisseur du document : environ 0,06 mm-0,15 mm <\/p>\n<p>Mode d&rsquo;enregistrement : TPH<\/p>\n<p>Largeur d&rsquo;impression effective : environ 210 mm <\/p>\n<p>Alimentation : CA 100 V-240 V 50 Hz\/1,2 A.<\/p>\n<p>Consommation \u00e9lectrique : 10 W en veille<\/p>\n<p>Temp\u00e9rature de fonctionnement : 5\u00baC &#8211; 35\u00baC<\/p>\n<p>Humidit\u00e9 relative : 20% \u00e0 80%<\/p>\n<p>Mat\u00e9riel:ABS<\/p>\n<p>Couleur: Noir<\/p>\n<p>Taille de l&rsquo;article : environ 29,2 x 22,5 x 8,4 cm <\/p>\n<p>Poids du copieur : environ 1500 g <\/p>\n<p>Dimensions du colis : 32,0 x 30,5 x 13 cm<\/p>\n<p>Poids du colis : 2270 g<\/p>\n<p>&nbsp;<\/p>\n<p>Contenu du paquet :<\/p>\n<p>1 copieur de pochoir thermique<\/p>\n<p>30 feuilles de papier transfert pour tatouage<\/p>\n<p>1 c\u00e2ble d&rsquo;alimentation<\/p>\n<p>1 manuel d&rsquo;utilisation.<\/p><\/div>\n<p><!-- .vgblk-rw-wrapper --><\/p>\n","protected":false},"excerpt":{"rendered":"<p>Photocopieur \u00e0 pochoir thermographique Caract\u00e9ristiques : Id\u00e9al pour les tatoueurs : Le copieur thermique est sp\u00e9cialement con\u00e7u pour les passionn\u00e9s de tatouage. Gr\u00e2ce \u00e0 la technologie thermique, il transf\u00e8re efficacement les motifs de tatouage du papier ordinaire au papier stencil, en quelques \u00e9tapes simples et sans erreur. Vous gagnez ainsi du temps \u00e0 dessiner \u00e0&#8230;<\/p>\n","protected":false},"featured_media":990397,"comment_status":"open","ping_status":"closed","template":"","meta":[],"product_brand":[],"product_cat":[176],"product_tag":[],"class_list":{"0":"post-990400","1":"product","2":"type-product","3":"status-publish","4":"has-post-thumbnail","6":"product_cat-conception","8":"first","9":"instock","10":"taxable","11":"shipping-taxable","12":"purchasable","13":"product-type-simple"},"jetpack_sharing_enabled":true,"_links":{"self":[{"href":"https:\/\/arterialstudio.com\/fr\/wp-json\/wp\/v2\/product\/990400","targetHints":{"allow":["GET"]}}],"collection":[{"href":"https:\/\/arterialstudio.com\/fr\/wp-json\/wp\/v2\/product"}],"about":[{"href":"https:\/\/arterialstudio.com\/fr\/wp-json\/wp\/v2\/types\/product"}],"replies":[{"embeddable":true,"href":"https:\/\/arterialstudio.com\/fr\/wp-json\/wp\/v2\/comments?post=990400"}],"wp:featuredmedia":[{"embeddable":true,"href":"https:\/\/arterialstudio.com\/fr\/wp-json\/wp\/v2\/media\/990397"}],"wp:attachment":[{"href":"https:\/\/arterialstudio.com\/fr\/wp-json\/wp\/v2\/media?parent=990400"}],"wp:term":[{"taxonomy":"product_brand","embeddable":true,"href":"https:\/\/arterialstudio.com\/fr\/wp-json\/wp\/v2\/product_brand?post=990400"},{"taxonomy":"product_cat","embeddable":true,"href":"https:\/\/arterialstudio.com\/fr\/wp-json\/wp\/v2\/product_cat?post=990400"},{"taxonomy":"product_tag","embeddable":true,"href":"https:\/\/arterialstudio.com\/fr\/wp-json\/wp\/v2\/product_tag?post=990400"}],"curies":[{"name":"wp","href":"https:\/\/api.w.org\/{rel}","templated":true}]}}