{"id":990389,"date":"2025-10-04T14:47:21","date_gmt":"2025-10-04T14:47:21","guid":{"rendered":"https:\/\/arterialstudio.com\/producto\/cuir-synthetique-pour-la-pratique\/"},"modified":"2025-10-04T14:47:21","modified_gmt":"2025-10-04T14:47:21","slug":"cuir-synthetique-pour-la-pratique","status":"publish","type":"product","link":"https:\/\/arterialstudio.com\/fr\/producto\/cuir-synthetique-pour-la-pratique\/","title":{"rendered":"Cuir synth\u00e9tique pour la pratique."},"content":{"rendered":"<div class=\"vgblk-rw-wrapper limit-wrapper\">Description du produit :<\/p>\n<p>Peau synth\u00e9tique pour la pratique du tatouage<\/p>\n<p>Mat\u00e9riau de haute qualit\u00e9 qui imite la sensation et la texture de la vraie peau, sp\u00e9cialement con\u00e7u pour les pratiques de tatouage et de microblading.<\/p>\n<p>Principales caract\u00e9ristiques :<\/p>\n<p>Mat\u00e9riau r\u00e9aliste : Fabriqu\u00e9 en caoutchouc synth\u00e9tique de haute qualit\u00e9, il offre une sensation similaire \u00e0 celle de la peau. Doux, flexible, extensible et r\u00e9sistant. <\/p>\n<p>\u00b7 Facile \u00e0 colorier : con\u00e7u professionnellement pour les exercices de microblading et de tatouage, permettant une finition r\u00e9aliste.<\/p>\n<p>\u00b7 Flexibilit\u00e9 : Il peut \u00eatre enroul\u00e9 autour d&rsquo;objets pour simuler diff\u00e9rentes parties du corps, id\u00e9al pour pratiquer les contours et diverses techniques.<\/p>\n<p>\u00b7 Taille g\u00e9n\u00e9reuse : 20 x 30 cm, offre suffisamment d&rsquo;espace pour cr\u00e9er des motifs d\u00e9taill\u00e9s.<\/p>\n<p>\u00b7 Deux \u00e9paisseurs disponibles :<\/p>\n<p>ou 3 mm : Id\u00e9al pour les d\u00e9butants, permet une utilisation des deux c\u00f4t\u00e9s, maximisant la durabilit\u00e9 et l&rsquo;espace de pratique.<\/p>\n<p>ou 1,3 mm : Con\u00e7u pour une utilisation unilat\u00e9rale, parfait pour les pratiques plus avanc\u00e9es.<\/p>\n<p>Facile \u00e0 utiliser :<\/p>\n<p>1. Imprimez le motif souhait\u00e9 sur le cuir synth\u00e9tique.<\/p>\n<p>2. Appliquez une fine couche de vaseline.<\/p>\n<p>3. Commencez \u00e0 tatouer !<\/p>\n<p>Applications :<\/p>\n<p>\u00b7 Parfait pour les d\u00e9butants pratiquant le tatouage, le microblading des sourcils et l&rsquo;eye-liner.<\/p>\n<p>\u00b7 Id\u00e9al pour les professionnels qui souhaitent essayer de nouvelles aiguilles, encres ou machines de tatouage.<\/p>\n<p>\u00b7 Recommand\u00e9 pour les studios de tatouage et les \u00e9coles d&rsquo;art.<\/p>\n<p>Tous nos produits incluent la TVA.<\/p><\/div>\n<p><!-- .vgblk-rw-wrapper --><\/p>\n","protected":false},"excerpt":{"rendered":"<p>Description du produit : Peau synth\u00e9tique pour la pratique du tatouage Mat\u00e9riau de haute qualit\u00e9 qui imite la sensation et la texture de la vraie peau, sp\u00e9cialement con\u00e7u pour les pratiques de tatouage et de microblading. Principales caract\u00e9ristiques : Mat\u00e9riau r\u00e9aliste : Fabriqu\u00e9 en caoutchouc synth\u00e9tique de haute qualit\u00e9, il offre une sensation similaire \u00e0&#8230;<\/p>\n","protected":false},"featured_media":990373,"comment_status":"open","ping_status":"closed","template":"","meta":[],"product_brand":[],"product_cat":[182],"product_tag":[],"class_list":{"0":"post-990389","1":"product","2":"type-product","3":"status-publish","4":"has-post-thumbnail","6":"product_cat-consommables","8":"first","9":"instock","10":"taxable","11":"shipping-taxable","12":"purchasable","13":"product-type-variable"},"jetpack_sharing_enabled":true,"_links":{"self":[{"href":"https:\/\/arterialstudio.com\/fr\/wp-json\/wp\/v2\/product\/990389","targetHints":{"allow":["GET"]}}],"collection":[{"href":"https:\/\/arterialstudio.com\/fr\/wp-json\/wp\/v2\/product"}],"about":[{"href":"https:\/\/arterialstudio.com\/fr\/wp-json\/wp\/v2\/types\/product"}],"replies":[{"embeddable":true,"href":"https:\/\/arterialstudio.com\/fr\/wp-json\/wp\/v2\/comments?post=990389"}],"wp:featuredmedia":[{"embeddable":true,"href":"https:\/\/arterialstudio.com\/fr\/wp-json\/wp\/v2\/media\/990373"}],"wp:attachment":[{"href":"https:\/\/arterialstudio.com\/fr\/wp-json\/wp\/v2\/media?parent=990389"}],"wp:term":[{"taxonomy":"product_brand","embeddable":true,"href":"https:\/\/arterialstudio.com\/fr\/wp-json\/wp\/v2\/product_brand?post=990389"},{"taxonomy":"product_cat","embeddable":true,"href":"https:\/\/arterialstudio.com\/fr\/wp-json\/wp\/v2\/product_cat?post=990389"},{"taxonomy":"product_tag","embeddable":true,"href":"https:\/\/arterialstudio.com\/fr\/wp-json\/wp\/v2\/product_tag?post=990389"}],"curies":[{"name":"wp","href":"https:\/\/api.w.org\/{rel}","templated":true}]}}