{"id":990361,"date":"2025-10-04T14:26:22","date_gmt":"2025-10-04T14:26:22","guid":{"rendered":"https:\/\/arterialstudio.com\/producto\/bandes-elastiques-cohesives\/"},"modified":"2025-10-04T14:26:22","modified_gmt":"2025-10-04T14:26:22","slug":"bandes-elastiques-cohesives","status":"publish","type":"product","link":"https:\/\/arterialstudio.com\/fr\/producto\/bandes-elastiques-cohesives\/","title":{"rendered":"Bandes \u00e9lastiques coh\u00e9sives."},"content":{"rendered":"<div class=\"vgblk-rw-wrapper limit-wrapper\">Description du produit :<\/p>\n<p>Bandes coh\u00e9sives \u00e9lastiques pour tatouage<\/p>\n<p>Mat\u00e9riau non tiss\u00e9, coton<\/p>\n<p>Dur\u00e9e de vie de 3 ans<\/p>\n<p>Certification CE<\/p>\n<p>Caract\u00e9ristiques :<\/p>\n<p>Fournit une compression et un soutien antid\u00e9rapant. Peut \u00eatre utilis\u00e9 pour fixer des bandages ou des appareils orthop\u00e9diques. <\/p>\n<p>Bande douce et poreuse qui adh\u00e8re \u00e0 elle-m\u00eame, et non \u00e0 la peau ni au gant, et reste en place sans clips. Se retire facilement sans laisser de r\u00e9sidus. Id\u00e9ale pour recouvrir le grip, offrant du confort \u00e0 la main tenant la machine.  <\/p>\n<p>R\u00e9sistante \u00e0 la sueur et \u00e0 l\u2019eau, facile \u00e0 retirer.<\/p>\n<p>Taille : 50 mm x 4,5 m<\/p>\n<p>La cLa bo\u00eete contient 12 unit\u00e9s.<\/p>\n<p>Disponible \u00e9galement en unit\u00e9s individuelles.aja contiene 12 unidades.<\/p>\n<p>Tous nos produits incluent la TVA.<\/p>\n<p>Couleur : Noir, Vert Camouflage.<\/p><\/div>\n<p><!-- .vgblk-rw-wrapper --><\/p>\n","protected":false},"excerpt":{"rendered":"<p>Description du produit : Bandes coh\u00e9sives \u00e9lastiques pour tatouage Mat\u00e9riau non tiss\u00e9, coton Dur\u00e9e de vie de 3 ans Certification CE Caract\u00e9ristiques : Fournit une compression et un soutien antid\u00e9rapant. Peut \u00eatre utilis\u00e9 pour fixer des bandages ou des appareils orthop\u00e9diques. Bande douce et poreuse qui adh\u00e8re \u00e0 elle-m\u00eame, et non \u00e0 la peau ni&#8230;<\/p>\n","protected":false},"featured_media":990345,"comment_status":"open","ping_status":"closed","template":"","meta":[],"product_brand":[],"product_cat":[182],"product_tag":[],"class_list":{"0":"post-990361","1":"product","2":"type-product","3":"status-publish","4":"has-post-thumbnail","6":"product_cat-consommables","8":"first","9":"instock","10":"taxable","11":"shipping-taxable","12":"purchasable","13":"product-type-variable"},"jetpack_sharing_enabled":true,"_links":{"self":[{"href":"https:\/\/arterialstudio.com\/fr\/wp-json\/wp\/v2\/product\/990361","targetHints":{"allow":["GET"]}}],"collection":[{"href":"https:\/\/arterialstudio.com\/fr\/wp-json\/wp\/v2\/product"}],"about":[{"href":"https:\/\/arterialstudio.com\/fr\/wp-json\/wp\/v2\/types\/product"}],"replies":[{"embeddable":true,"href":"https:\/\/arterialstudio.com\/fr\/wp-json\/wp\/v2\/comments?post=990361"}],"wp:featuredmedia":[{"embeddable":true,"href":"https:\/\/arterialstudio.com\/fr\/wp-json\/wp\/v2\/media\/990345"}],"wp:attachment":[{"href":"https:\/\/arterialstudio.com\/fr\/wp-json\/wp\/v2\/media?parent=990361"}],"wp:term":[{"taxonomy":"product_brand","embeddable":true,"href":"https:\/\/arterialstudio.com\/fr\/wp-json\/wp\/v2\/product_brand?post=990361"},{"taxonomy":"product_cat","embeddable":true,"href":"https:\/\/arterialstudio.com\/fr\/wp-json\/wp\/v2\/product_cat?post=990361"},{"taxonomy":"product_tag","embeddable":true,"href":"https:\/\/arterialstudio.com\/fr\/wp-json\/wp\/v2\/product_tag?post=990361"}],"curies":[{"name":"wp","href":"https:\/\/api.w.org\/{rel}","templated":true}]}}