{"id":989237,"date":"2025-10-02T16:24:33","date_gmt":"2025-10-02T16:24:33","guid":{"rendered":"https:\/\/arterialstudio.com\/producto\/aurora-2-power-supply\/"},"modified":"2025-10-03T16:37:22","modified_gmt":"2025-10-03T16:37:22","slug":"aurora-2-power-supply","status":"publish","type":"product","link":"https:\/\/arterialstudio.com\/fr\/producto\/aurora-2-power-supply\/","title":{"rendered":"Aurora 2 power supply"},"content":{"rendered":"<div class=\"vgblk-rw-wrapper limit-wrapper\">Description du produit :<\/p>\n<p>Alimentation pour tatouage Aurora 2<\/p>\n<p>Connexion double pour deux machines \u00e0 tatouer simultan\u00e9ment.<\/p>\n<p>Alimentation professionnelle pour tatouage LCD Mini AURORA II avec adaptateur secteur pour machines \u00e0 tatouer rotatives et \u00e0 bobine.<\/p>\n<p>Tension de sortie : 1,5V &#8211; 16V, avec un indicateur qui change de couleur en fonction de la tension.<\/p>\n<p>Dimensions : 7,3 cm de diam\u00e8tre, 4,45 cm de hauteur.<\/p>\n<p>Poids : 187 g.<\/p>\n<p>Bouton de contr\u00f4le rotatif facile \u00e0 utiliser pour allumer\/\u00e9teindre, changer de mode et ajuster la tension.<\/p>\n<p>Fonction de mode de d\u00e9marrage pour machines \u00e0 tatouer rotatives.<\/p>\n<p>Entr\u00e9e Jack mono 6 mm pour c\u00e2ble clip standard et p\u00e9dale (p\u00e9dale non requise pour fonctionner). Deux modes de p\u00e9dale : maintenu ou momentan\u00e9.<\/p>\n<p>Bo\u00eetier en aluminium anodis\u00e9 usin\u00e9 CNC.<\/p>\n<p>Aimants int\u00e9gr\u00e9s et supports en silicone permettant une utilisation sur diverses surfaces.<\/p>\n<p>&nbsp;<\/p>\n<p>Le paquet comprend :<\/p>\n<p>1 alimentation \u00e9lectrique.<\/p>\n<p>1 adaptateur.<\/p>\n<p>1 c\u00e2ble d\u2019alimentation (si aucune note sp\u00e9ciale n\u2019est fournie, la prise europ\u00e9enne standard sera envoy\u00e9e par d\u00e9faut).<\/p>\n<p>1 manuel d\u2019instructions.<\/p>\n<p>&nbsp;<\/p>\n<p>Couleurs : Argent \/ Noir<\/p><\/div>\n<p><!-- .vgblk-rw-wrapper --><\/p>\n","protected":false},"excerpt":{"rendered":"<p>Description du produit : Alimentation pour tatouage Aurora 2 Connexion double pour deux machines \u00e0 tatouer simultan\u00e9ment. Alimentation professionnelle pour tatouage LCD Mini AURORA II avec adaptateur secteur pour machines \u00e0 tatouer rotatives et \u00e0 bobine. Tension de sortie : 1,5V &#8211; 16V, avec un indicateur qui change de couleur en fonction de la tension&#8230;.<\/p>\n","protected":false},"featured_media":989226,"comment_status":"open","ping_status":"closed","template":"","meta":[],"product_brand":[],"product_cat":[190],"product_tag":[],"class_list":{"0":"post-989237","1":"product","2":"type-product","3":"status-publish","4":"has-post-thumbnail","6":"product_cat-accessoires","8":"first","9":"instock","10":"taxable","11":"shipping-taxable","12":"purchasable","13":"product-type-variable"},"jetpack_sharing_enabled":true,"_links":{"self":[{"href":"https:\/\/arterialstudio.com\/fr\/wp-json\/wp\/v2\/product\/989237","targetHints":{"allow":["GET"]}}],"collection":[{"href":"https:\/\/arterialstudio.com\/fr\/wp-json\/wp\/v2\/product"}],"about":[{"href":"https:\/\/arterialstudio.com\/fr\/wp-json\/wp\/v2\/types\/product"}],"replies":[{"embeddable":true,"href":"https:\/\/arterialstudio.com\/fr\/wp-json\/wp\/v2\/comments?post=989237"}],"wp:featuredmedia":[{"embeddable":true,"href":"https:\/\/arterialstudio.com\/fr\/wp-json\/wp\/v2\/media\/989226"}],"wp:attachment":[{"href":"https:\/\/arterialstudio.com\/fr\/wp-json\/wp\/v2\/media?parent=989237"}],"wp:term":[{"taxonomy":"product_brand","embeddable":true,"href":"https:\/\/arterialstudio.com\/fr\/wp-json\/wp\/v2\/product_brand?post=989237"},{"taxonomy":"product_cat","embeddable":true,"href":"https:\/\/arterialstudio.com\/fr\/wp-json\/wp\/v2\/product_cat?post=989237"},{"taxonomy":"product_tag","embeddable":true,"href":"https:\/\/arterialstudio.com\/fr\/wp-json\/wp\/v2\/product_tag?post=989237"}],"curies":[{"name":"wp","href":"https:\/\/api.w.org\/{rel}","templated":true}]}}