{"id":989206,"date":"2025-10-02T15:46:17","date_gmt":"2025-10-02T15:46:17","guid":{"rendered":"https:\/\/arterialstudio.com\/producto\/pedale-en-acier-inoxydable-anodise\/"},"modified":"2025-10-02T15:46:17","modified_gmt":"2025-10-02T15:46:17","slug":"pedale-en-acier-inoxydable-anodise","status":"publish","type":"product","link":"https:\/\/arterialstudio.com\/fr\/producto\/pedale-en-acier-inoxydable-anodise\/","title":{"rendered":"P\u00e9dale en acier inoxydable anodis\u00e9."},"content":{"rendered":"<div class=\"vgblk-rw-wrapper limit-wrapper\">Description du produit :<\/p>\n<p>P\u00e9dale en acier inoxydable anodis\u00e9, solide et r\u00e9sistante.<\/p>\n<p>La p\u00e9dale de tatouage est fabriqu\u00e9e en acier inoxydable 360, un \u00e9quipement de qualit\u00e9 con\u00e7u pour durer.<\/p>\n<p>Con\u00e7ue pour \u00eatre \u00e9tanche, offrant un confort sup\u00e9rieur \u00e0 la cheville et un excellent contr\u00f4le de la machine. Coussin en caoutchouc professionnel. La base de la p\u00e9dale poss\u00e8de une fonction antid\u00e9rapante qui ne laisse aucune trace.   <\/p>\n<p>urable, compacte, facile \u00e0 transporter et \u00e0 utiliser.<br \/>P\u00e9dale de tatouage ronde en acier inoxydable, compatible avec toutes les alimentations de machines \u00e0 tatouer, le premier choix des tatoueurs professionnels !<\/p>\n<p>Taille : 13 x 13 x 4 cm.<\/p>\n<p>Longueur du c\u00e2ble : 1,5 m<\/p>\n<p>Connecteur : Phono Jack.<\/p>\n<p>Poids net : 275 g.<\/p>\n<p>Poids emball\u00e9 : 350 g.<\/p>\n<p>Couleurs:<\/p>\n<p>Noir, rouge, bleu, vert.<\/p>\n<p>Tous nos produits incluent la TVA.<\/p><\/div>\n<p><!-- .vgblk-rw-wrapper --><\/p>\n","protected":false},"excerpt":{"rendered":"<p>Description du produit : P\u00e9dale en acier inoxydable anodis\u00e9, solide et r\u00e9sistante. La p\u00e9dale de tatouage est fabriqu\u00e9e en acier inoxydable 360, un \u00e9quipement de qualit\u00e9 con\u00e7u pour durer. Con\u00e7ue pour \u00eatre \u00e9tanche, offrant un confort sup\u00e9rieur \u00e0 la cheville et un excellent contr\u00f4le de la machine. Coussin en caoutchouc professionnel. La base de la&#8230;<\/p>\n","protected":false},"featured_media":989178,"comment_status":"open","ping_status":"closed","template":"","meta":[],"product_brand":[],"product_cat":[190],"product_tag":[],"class_list":{"0":"post-989206","1":"product","2":"type-product","3":"status-publish","4":"has-post-thumbnail","6":"product_cat-accessoires","8":"first","9":"instock","10":"taxable","11":"shipping-taxable","12":"purchasable","13":"product-type-variable"},"jetpack_sharing_enabled":true,"_links":{"self":[{"href":"https:\/\/arterialstudio.com\/fr\/wp-json\/wp\/v2\/product\/989206","targetHints":{"allow":["GET"]}}],"collection":[{"href":"https:\/\/arterialstudio.com\/fr\/wp-json\/wp\/v2\/product"}],"about":[{"href":"https:\/\/arterialstudio.com\/fr\/wp-json\/wp\/v2\/types\/product"}],"replies":[{"embeddable":true,"href":"https:\/\/arterialstudio.com\/fr\/wp-json\/wp\/v2\/comments?post=989206"}],"wp:featuredmedia":[{"embeddable":true,"href":"https:\/\/arterialstudio.com\/fr\/wp-json\/wp\/v2\/media\/989178"}],"wp:attachment":[{"href":"https:\/\/arterialstudio.com\/fr\/wp-json\/wp\/v2\/media?parent=989206"}],"wp:term":[{"taxonomy":"product_brand","embeddable":true,"href":"https:\/\/arterialstudio.com\/fr\/wp-json\/wp\/v2\/product_brand?post=989206"},{"taxonomy":"product_cat","embeddable":true,"href":"https:\/\/arterialstudio.com\/fr\/wp-json\/wp\/v2\/product_cat?post=989206"},{"taxonomy":"product_tag","embeddable":true,"href":"https:\/\/arterialstudio.com\/fr\/wp-json\/wp\/v2\/product_tag?post=989206"}],"curies":[{"name":"wp","href":"https:\/\/api.w.org\/{rel}","templated":true}]}}