{"id":988741,"date":"2025-04-27T13:05:45","date_gmt":"2025-04-27T13:05:45","guid":{"rendered":"https:\/\/arterialstudio.com\/?post_type=product&#038;p=988741"},"modified":"2025-04-27T13:05:45","modified_gmt":"2025-04-27T13:05:45","slug":"impresora-termica-inalambrica-portatil","status":"publish","type":"product","link":"https:\/\/arterialstudio.com\/fr\/producto\/impresora-termica-inalambrica-portatil\/","title":{"rendered":"Impresora t\u00e9rmica inal\u00e1mbrica port\u00e1til"},"content":{"rendered":"<div class=\"vgblk-rw-wrapper limit-wrapper\"><strong>Impresora t\u00e9rmica para hojas de transfer stencil. Port\u00e1til, Inal\u00e1mbrica, econ\u00f3mica: La Revoluci\u00f3n para los Tatuadores Profesionales.<\/strong><\/p>\n<p><strong>1. Conexi\u00f3n Inal\u00e1mbrica Bluetooth y cable USB.<\/strong><br \/>\nGracias a su conexi\u00f3n Bluetooth, esta impresora t\u00e9rmica para tatuajes elimina la necesidad de cables molestos. Puedes conectar f\u00e1cilmente tu dispositivo m\u00f3vil, tel\u00e9fono, Tablet o port\u00e1til a la m\u00e1quina sin preocuparte por el enredo de cables. Esto no solo mejora la comodidad y flexibilidad, sino que tambi\u00e9n permite una mayor libertad de movimiento durante la transferencia de plantillas.<\/p>\n<p><strong>2. Dise\u00f1o Port\u00e1til y Compacto.<\/strong><br \/>\nUna de las mayores ventajas de esta m\u00e1quina, aparte de su precio, es su dise\u00f1o port\u00e1til. Su tama\u00f1o compacto la hace ideal para llevar a convenciones, estudios de tatuaje m\u00f3viles o cualquier lugar donde necesites realizar transferencias de plantillas de manera r\u00e1pida y eficiente. Es ligera, f\u00e1cil de transportar y est\u00e1 lista para usar en cualquier momento.<\/p>\n<p><strong>3. Alta Precisi\u00f3n y Detalles Claros. Cabezales de impresi\u00f3n de alta resoluci\u00f3n, impresi\u00f3n clara y rendimiento estable.<\/strong><br \/>\nEsta impresora t\u00e9rmica permite realizar transferencias precisas y con detalles n\u00edtidos, incluso para los tatuajes m\u00e1s intrincados. Gracias a su tecnolog\u00eda avanzada, garantiza que las plantillas se copien con precisi\u00f3n, lo que facilita al tatuador el proceso de trazado y asegura un dise\u00f1o m\u00e1s limpio y detallado en la piel del cliente.<\/p>\n<p><strong>4. F\u00e1cil de Usar.<\/strong><br \/>\nLa configuraci\u00f3n es sencilla e intuitiva. Con solo unos pasos, podr\u00e1s estar listo para transferir tus plantillas a la piel del cliente sin complicaciones. No importa si eres principiante o un profesional experimentado, esta m\u00e1quina es f\u00e1cil de usar. No necesitas ser un experto en tecnolog\u00eda para comenzar a usarla. Su interfaz amigable garantiza que cualquiera pueda operarla sin dificultad.<\/p>\n<p><strong>5. Bater\u00eda de Larga Duraci\u00f3n.<\/strong><br \/>\nLa m\u00e1quina cuenta con una bater\u00eda recargable de larga duraci\u00f3n de 2500mAh que asegura que puedas utilizarla durante todo el d\u00eda sin necesidad de recargarla constantemente. Esto es especialmente \u00fatil en eventos o cuando trabajas durante largas horas, permiti\u00e9ndote concentrarte en tu arte sin interrupciones.<\/p>\n<p><strong>En conclusi\u00f3n,<\/strong><br \/>\nVelocidad de impresi\u00f3n, poco calor, poco ruido, buen rendimiento y econ\u00f3mica. Si est\u00e1s buscando una forma de optimizar tu proceso de trabajo, mejorar la calidad de las transferencias del dise\u00f1o a la piel y conseguir un trabajo m\u00e1s r\u00e1pido, eficiente y profesional, no dudes que esta m\u00e1quina es para ti.<\/p>\n<p><strong>Especificaciones:<\/strong><br \/>\nColor: Negro<br \/>\nAncho de impresi\u00f3n efectivo: 210 mm<br \/>\nResoluci\u00f3n: 203 dpi<br \/>\nBater\u00eda de 2500mAh<br \/>\nForma de conexi\u00f3n: Bluetooth + USB<br \/>\nEntrada: 5V 2A<br \/>\nTama\u00f1o del papel: A4<br \/>\nTama\u00f1o del art\u00edculo 267 x 95 x 51mm<br \/>\nPeso 810g<br \/>\nTama\u00f1o del paquete 340 x 130 x 65 mm<br \/>\nPeso con embalaje: 1145g<\/p>\n<p><strong>Dentro del paquete:<\/strong><br \/>\n1 impresora t\u00e9rmica.<br \/>\n1 cable USB.<br \/>\n1 manual de usuario.<\/div>\n<p><!-- .vgblk-rw-wrapper --><\/p>\n","protected":false},"excerpt":{"rendered":"<p>Impresora t\u00e9rmica para hojas de transfer stencil. Port\u00e1til, Inal\u00e1mbrica, econ\u00f3mica: La Revoluci\u00f3n para los Tatuadores Profesionales. 1. Conexi\u00f3n Inal\u00e1mbrica Bluetooth y cable USB. Gracias a su conexi\u00f3n Bluetooth, esta impresora t\u00e9rmica para tatuajes elimina la necesidad de cables molestos. Puedes conectar f\u00e1cilmente tu dispositivo m\u00f3vil, tel\u00e9fono, Tablet o port\u00e1til a la m\u00e1quina sin preocuparte por&#8230;<\/p>\n","protected":false},"featured_media":988774,"comment_status":"closed","ping_status":"closed","template":"","meta":[],"product_brand":[],"product_cat":[175],"product_tag":[],"class_list":{"0":"post-988741","1":"product","2":"type-product","3":"status-publish","4":"has-post-thumbnail","6":"product_cat-diseno","8":"first","9":"instock","10":"taxable","11":"shipping-taxable","12":"purchasable","13":"product-type-simple"},"jetpack_sharing_enabled":true,"_links":{"self":[{"href":"https:\/\/arterialstudio.com\/fr\/wp-json\/wp\/v2\/product\/988741","targetHints":{"allow":["GET"]}}],"collection":[{"href":"https:\/\/arterialstudio.com\/fr\/wp-json\/wp\/v2\/product"}],"about":[{"href":"https:\/\/arterialstudio.com\/fr\/wp-json\/wp\/v2\/types\/product"}],"replies":[{"embeddable":true,"href":"https:\/\/arterialstudio.com\/fr\/wp-json\/wp\/v2\/comments?post=988741"}],"wp:featuredmedia":[{"embeddable":true,"href":"https:\/\/arterialstudio.com\/fr\/wp-json\/wp\/v2\/media\/988774"}],"wp:attachment":[{"href":"https:\/\/arterialstudio.com\/fr\/wp-json\/wp\/v2\/media?parent=988741"}],"wp:term":[{"taxonomy":"product_brand","embeddable":true,"href":"https:\/\/arterialstudio.com\/fr\/wp-json\/wp\/v2\/product_brand?post=988741"},{"taxonomy":"product_cat","embeddable":true,"href":"https:\/\/arterialstudio.com\/fr\/wp-json\/wp\/v2\/product_cat?post=988741"},{"taxonomy":"product_tag","embeddable":true,"href":"https:\/\/arterialstudio.com\/fr\/wp-json\/wp\/v2\/product_tag?post=988741"}],"curies":[{"name":"wp","href":"https:\/\/api.w.org\/{rel}","templated":true}]}}