{"id":988425,"date":"2025-03-17T10:01:06","date_gmt":"2025-03-17T10:01:06","guid":{"rendered":"https:\/\/arterialstudio.com\/producto\/qxg01-quatat-edge-clip-cord-super-leger-et-resistant\/"},"modified":"2025-03-17T10:01:06","modified_gmt":"2025-03-17T10:01:06","slug":"qxg01-quatat-edge-clip-cord-super-leger-et-resistant","status":"publish","type":"product","link":"https:\/\/arterialstudio.com\/fr\/producto\/qxg01-quatat-edge-clip-cord-super-leger-et-resistant\/","title":{"rendered":"QXG01 QUATAT EDGE CLIP CORD, super l\u00e9ger et r\u00e9sistant."},"content":{"rendered":"<div class=\"vgblk-rw-wrapper limit-wrapper\">C\u00e2ble d&rsquo;alimentation Clip-Cord \/ RCA de qualit\u00e9 sup\u00e9rieure.<\/p>\n<p>Construction l\u00e9g\u00e8re pour r\u00e9duire la fatigue des mains.<\/p>\n<p>Longueur : 2 m\u00e8tres.<\/p>\n<p>Se compose de 40 fils conducteurs en cuivre avec un rev\u00eatement en caoutchouc de qualit\u00e9 sup\u00e9rieure pour plus de long\u00e9vit\u00e9 et de durabilit\u00e9.<br \/>Construction de haute qualit\u00e9 pour toujours garantir une connexion stable.<br \/>Disponible en 3 configurations : droit (RCA-I), 90 degr\u00e9s (RCA-L) et Clip-Cord pour machine \u00e0 bobine.  <\/div>\n<p><!-- .vgblk-rw-wrapper --><\/p>\n","protected":false},"excerpt":{"rendered":"<p>C\u00e2ble d&rsquo;alimentation Clip-Cord \/ RCA de qualit\u00e9 sup\u00e9rieure. Construction l\u00e9g\u00e8re pour r\u00e9duire la fatigue des mains. Longueur : 2 m\u00e8tres. Se compose de 40 fils conducteurs en cuivre avec un rev\u00eatement en caoutchouc de qualit\u00e9 sup\u00e9rieure pour plus de long\u00e9vit\u00e9 et de durabilit\u00e9.Construction de haute qualit\u00e9 pour toujours garantir une connexion stable.Disponible en 3 configurations&#8230;<\/p>\n","protected":false},"featured_media":988421,"comment_status":"closed","ping_status":"closed","template":"","meta":[],"product_brand":[],"product_cat":[190],"product_tag":[],"class_list":{"0":"post-988425","1":"product","2":"type-product","3":"status-publish","4":"has-post-thumbnail","6":"product_cat-accessoires","8":"first","9":"instock","10":"taxable","11":"shipping-taxable","12":"purchasable","13":"product-type-variable"},"jetpack_sharing_enabled":true,"_links":{"self":[{"href":"https:\/\/arterialstudio.com\/fr\/wp-json\/wp\/v2\/product\/988425","targetHints":{"allow":["GET"]}}],"collection":[{"href":"https:\/\/arterialstudio.com\/fr\/wp-json\/wp\/v2\/product"}],"about":[{"href":"https:\/\/arterialstudio.com\/fr\/wp-json\/wp\/v2\/types\/product"}],"replies":[{"embeddable":true,"href":"https:\/\/arterialstudio.com\/fr\/wp-json\/wp\/v2\/comments?post=988425"}],"wp:featuredmedia":[{"embeddable":true,"href":"https:\/\/arterialstudio.com\/fr\/wp-json\/wp\/v2\/media\/988421"}],"wp:attachment":[{"href":"https:\/\/arterialstudio.com\/fr\/wp-json\/wp\/v2\/media?parent=988425"}],"wp:term":[{"taxonomy":"product_brand","embeddable":true,"href":"https:\/\/arterialstudio.com\/fr\/wp-json\/wp\/v2\/product_brand?post=988425"},{"taxonomy":"product_cat","embeddable":true,"href":"https:\/\/arterialstudio.com\/fr\/wp-json\/wp\/v2\/product_cat?post=988425"},{"taxonomy":"product_tag","embeddable":true,"href":"https:\/\/arterialstudio.com\/fr\/wp-json\/wp\/v2\/product_tag?post=988425"}],"curies":[{"name":"wp","href":"https:\/\/api.w.org\/{rel}","templated":true}]}}