{"id":988367,"date":"2025-03-17T09:02:52","date_gmt":"2025-03-17T09:02:52","guid":{"rendered":"https:\/\/arterialstudio.com\/producto\/cartouches-de-tatouage-viper-precision-et-performance-professionnelle\/"},"modified":"2025-03-17T11:15:45","modified_gmt":"2025-03-17T11:15:45","slug":"cartouches-de-tatouage-viper-precision-et-performance-professionnelle","status":"publish","type":"product","link":"https:\/\/arterialstudio.com\/fr\/producto\/cartouches-de-tatouage-viper-precision-et-performance-professionnelle\/","title":{"rendered":"Cartouches de Tatouage VIPER \u2013 Pr\u00e9cision et Performance Professionnelle"},"content":{"rendered":"<div class=\"vgblk-rw-wrapper limit-wrapper\">Les cartouches de tatouage VIPER repr\u00e9sentent une combinaison de pr\u00e9cision, de s\u00e9curit\u00e9 et d\u2019innovation. Fabriqu\u00e9es en acier inoxydable de qualit\u00e9 m\u00e9dicale 316L et en plastique de qualit\u00e9 m\u00e9dicale, elles garantissent une nettet\u00e9 exceptionnelle et un flux d\u2019encre constant, minimisant ainsi le traumatisme cutan\u00e9. <\/p>\n<p>Caract\u00e9ristiques principales :<\/p>\n<p>\u2714 Tailles disponibles : Cette liste comprend des cartouches de calibre #12 (0,35 mm) et Medium Taper (2,5 mm), id\u00e9ales pour un trac\u00e9 \u00e9quilibr\u00e9 et polyvalent.<br \/>\n\u2714 Configurations : Round Liner (RL), Round Shader (RS) et Curved Magnum (CM), adapt\u00e9es aux lignes pr\u00e9cises, aux ombrages doux et aux remplissages homog\u00e8nes.<br \/>\n\u2714 Membrane scell\u00e9e : Emp\u00eache le reflux d\u2019encre et minimise le risque de contamination crois\u00e9e.<br \/>\n\u2714 St\u00e9rilisation au gaz EO : Chaque cartouche est st\u00e9rilis\u00e9e individuellement pour garantir une s\u00e9curit\u00e9 maximale.<br \/>\n\u2714 Compatibilit\u00e9 universelle : Fonctionne avec la plupart des machines de type PEN du march\u00e9.<\/p>\n<p>Options disponibles dans cette liste :<\/p>\n<ul>\n<li>\u2022 Round Liner (RL) : Pour des lignes nettes et des contours pr\u00e9cis.<\/li>\n<li>\u2022 Round Shader (RS) : Ombrages doux et transitions subtiles.<\/li>\n<li>\u2022 Curved Magnum (CM) : Remplissage uniforme et d\u00e9grad\u00e9s naturels.<\/li>\n<\/ul>\n<p>\u00bfNecesitas otros calibres o configuraciones? Toda la gama de cartuchos VIPER, incluyendo diferentes grosores de aguja (#08, #10) y taper (Long, Xtra Long), est\u00e1 disponible bajo pedido. <\/p>\n<p>Besoin d&rsquo;autres calibres ou configurations? Toute la gamme des cartouches VIPER, y compris diff\u00e9rentes tailles d\u2019aiguilles (#08, #10) et taper (Long, Xtra Long), est disponible sur commande. <\/p><\/div>\n<p><!-- .vgblk-rw-wrapper --><\/p>\n","protected":false},"excerpt":{"rendered":"<p>Les cartouches de tatouage VIPER repr\u00e9sentent une combinaison de pr\u00e9cision, de s\u00e9curit\u00e9 et d\u2019innovation. Fabriqu\u00e9es en acier inoxydable de qualit\u00e9 m\u00e9dicale 316L et en plastique de qualit\u00e9 m\u00e9dicale, elles garantissent une nettet\u00e9 exceptionnelle et un flux d\u2019encre constant, minimisant ainsi le traumatisme cutan\u00e9. Caract\u00e9ristiques principales : \u2714 Tailles disponibles : Cette liste comprend des cartouches&#8230;<\/p>\n","protected":false},"featured_media":988892,"comment_status":"closed","ping_status":"closed","template":"","meta":[],"product_brand":[],"product_cat":[192],"product_tag":[],"class_list":{"0":"post-988367","1":"product","2":"type-product","3":"status-publish","4":"has-post-thumbnail","6":"product_cat-evo","8":"first","9":"outofstock","10":"taxable","11":"shipping-taxable","12":"product-type-variable"},"jetpack_sharing_enabled":true,"_links":{"self":[{"href":"https:\/\/arterialstudio.com\/fr\/wp-json\/wp\/v2\/product\/988367","targetHints":{"allow":["GET"]}}],"collection":[{"href":"https:\/\/arterialstudio.com\/fr\/wp-json\/wp\/v2\/product"}],"about":[{"href":"https:\/\/arterialstudio.com\/fr\/wp-json\/wp\/v2\/types\/product"}],"replies":[{"embeddable":true,"href":"https:\/\/arterialstudio.com\/fr\/wp-json\/wp\/v2\/comments?post=988367"}],"wp:featuredmedia":[{"embeddable":true,"href":"https:\/\/arterialstudio.com\/fr\/wp-json\/wp\/v2\/media\/988892"}],"wp:attachment":[{"href":"https:\/\/arterialstudio.com\/fr\/wp-json\/wp\/v2\/media?parent=988367"}],"wp:term":[{"taxonomy":"product_brand","embeddable":true,"href":"https:\/\/arterialstudio.com\/fr\/wp-json\/wp\/v2\/product_brand?post=988367"},{"taxonomy":"product_cat","embeddable":true,"href":"https:\/\/arterialstudio.com\/fr\/wp-json\/wp\/v2\/product_cat?post=988367"},{"taxonomy":"product_tag","embeddable":true,"href":"https:\/\/arterialstudio.com\/fr\/wp-json\/wp\/v2\/product_tag?post=988367"}],"curies":[{"name":"wp","href":"https:\/\/api.w.org\/{rel}","templated":true}]}}