{"id":988300,"date":"2025-03-17T07:54:16","date_gmt":"2025-03-17T07:54:16","guid":{"rendered":"https:\/\/arterialstudio.com\/producto\/bouchons-dencre-de-tatouage-en-plastique-jetables\/"},"modified":"2025-03-17T07:54:16","modified_gmt":"2025-03-17T07:54:16","slug":"bouchons-dencre-de-tatouage-en-plastique-jetables","status":"publish","type":"product","link":"https:\/\/arterialstudio.com\/fr\/producto\/bouchons-dencre-de-tatouage-en-plastique-jetables\/","title":{"rendered":"Bouchons d&rsquo;encre de tatouage en plastique jetables"},"content":{"rendered":"<div class=\"vgblk-rw-wrapper limit-wrapper\">Les capuchons d&rsquo;encre sont fabriqu\u00e9s en mati\u00e8re plastique de qualit\u00e9 sup\u00e9rieure, durable. Con\u00e7u avec un large bord de tasse pour \u00e9viter le gaspillage d&rsquo;encre. <\/p>\n<p>Mesure des bouchons \u00e0 base plate:<\/p>\n<p>11 mm de large x 10 mm de profondeur<\/p>\n<p>17 mm de large x 14 mm de profondeur<\/p>\n<p>20 mm de large x 17 mm de profondeur<\/p><\/div>\n<p><!-- .vgblk-rw-wrapper --><\/p>\n","protected":false},"excerpt":{"rendered":"<p>Les capuchons d&rsquo;encre sont fabriqu\u00e9s en mati\u00e8re plastique de qualit\u00e9 sup\u00e9rieure, durable. Con\u00e7u avec un large bord de tasse pour \u00e9viter le gaspillage d&rsquo;encre. Mesure des bouchons \u00e0 base plate: 11 mm de large x 10 mm de profondeur 17 mm de large x 14 mm de profondeur 20 mm de large x 17 mm&#8230;<\/p>\n","protected":false},"featured_media":988264,"comment_status":"closed","ping_status":"closed","template":"","meta":[],"product_brand":[],"product_cat":[182],"product_tag":[],"class_list":{"0":"post-988300","1":"product","2":"type-product","3":"status-publish","4":"has-post-thumbnail","6":"product_cat-consommables","8":"first","9":"instock","10":"taxable","11":"shipping-taxable","12":"purchasable","13":"product-type-variable"},"jetpack_sharing_enabled":true,"_links":{"self":[{"href":"https:\/\/arterialstudio.com\/fr\/wp-json\/wp\/v2\/product\/988300","targetHints":{"allow":["GET"]}}],"collection":[{"href":"https:\/\/arterialstudio.com\/fr\/wp-json\/wp\/v2\/product"}],"about":[{"href":"https:\/\/arterialstudio.com\/fr\/wp-json\/wp\/v2\/types\/product"}],"replies":[{"embeddable":true,"href":"https:\/\/arterialstudio.com\/fr\/wp-json\/wp\/v2\/comments?post=988300"}],"wp:featuredmedia":[{"embeddable":true,"href":"https:\/\/arterialstudio.com\/fr\/wp-json\/wp\/v2\/media\/988264"}],"wp:attachment":[{"href":"https:\/\/arterialstudio.com\/fr\/wp-json\/wp\/v2\/media?parent=988300"}],"wp:term":[{"taxonomy":"product_brand","embeddable":true,"href":"https:\/\/arterialstudio.com\/fr\/wp-json\/wp\/v2\/product_brand?post=988300"},{"taxonomy":"product_cat","embeddable":true,"href":"https:\/\/arterialstudio.com\/fr\/wp-json\/wp\/v2\/product_cat?post=988300"},{"taxonomy":"product_tag","embeddable":true,"href":"https:\/\/arterialstudio.com\/fr\/wp-json\/wp\/v2\/product_tag?post=988300"}],"curies":[{"name":"wp","href":"https:\/\/api.w.org\/{rel}","templated":true}]}}