{"id":988185,"date":"2025-03-17T07:30:03","date_gmt":"2025-03-17T07:30:03","guid":{"rendered":"https:\/\/arterialstudio.com\/producto\/marqueurs-permanents-generiques\/"},"modified":"2025-03-17T07:30:03","modified_gmt":"2025-03-17T07:30:03","slug":"marqueurs-permanents-generiques","status":"publish","type":"product","link":"https:\/\/arterialstudio.com\/fr\/producto\/marqueurs-permanents-generiques\/","title":{"rendered":"Marqueurs permanents g\u00e9n\u00e9riques"},"content":{"rendered":"<div class=\"vgblk-rw-wrapper limit-wrapper\">Paquet de 6 marqueurs \u00e0 encre permanente avec une pointe ronde moyenne.<\/p>\n<p>Ces marqueurs permanents r\u00e9sistent parfaitement \u00e0 l&rsquo;eau et ont un s\u00e9chage rapide qui agit imm\u00e9diatement apr\u00e8s application sur la surface de contact. Cependant, il est recommand\u00e9 de remettre le capuchon apr\u00e8s utilisation pour \u00e9viter que l\u2019encre ne s\u00e8che. <\/p>\n<p>NON RECOMMAND\u00c9S POUR LES ENFANTS DE MOINS DE 3 ANS.<\/p>\n<p>L&rsquo;encre imperm\u00e9able est \u00e0 base d&rsquo;alcool, \u00e0 s\u00e9chage rapide, r\u00e9sistante aux taches et \u00e0 la d\u00e9coloration, ce qui la rend difficile \u00e0 effacer.<\/p>\n<p>Fonctionne sur des surfaces difficiles \u00e0 marquer telles que le verre, le bois, la pierre, la c\u00e9ramique, le textile, le m\u00e9tal, le papier, etc.<\/p>\n<p>Bien qu&rsquo;ils soient con\u00e7us comme du mat\u00e9riel scolaire, leur qualit\u00e9 et leurs couleurs longue dur\u00e9e, qui restent impr\u00e9gn\u00e9es longtemps, les rendent tr\u00e8s pris\u00e9s par les tatoueurs professionnels.<\/p>\n<p>Contenu : 6 pi\u00e8ces<\/p>\n<p>Pr\u00e9sentation : Blister<\/p>\n<p>Couleurs : Bleu, jaune, rose, vert, rouge et noir.<\/p><\/div>\n<p><!-- .vgblk-rw-wrapper --><\/p>\n","protected":false},"excerpt":{"rendered":"<p>Paquet de 6 marqueurs \u00e0 encre permanente avec une pointe ronde moyenne. Ces marqueurs permanents r\u00e9sistent parfaitement \u00e0 l&rsquo;eau et ont un s\u00e9chage rapide qui agit imm\u00e9diatement apr\u00e8s application sur la surface de contact. Cependant, il est recommand\u00e9 de remettre le capuchon apr\u00e8s utilisation pour \u00e9viter que l\u2019encre ne s\u00e8che. NON RECOMMAND\u00c9S POUR LES ENFANTS&#8230;<\/p>\n","protected":false},"featured_media":988184,"comment_status":"closed","ping_status":"closed","template":"","meta":[],"product_brand":[],"product_cat":[176],"product_tag":[],"class_list":{"0":"post-988185","1":"product","2":"type-product","3":"status-publish","4":"has-post-thumbnail","6":"product_cat-conception","8":"first","9":"instock","10":"taxable","11":"shipping-taxable","12":"purchasable","13":"product-type-simple"},"jetpack_sharing_enabled":true,"_links":{"self":[{"href":"https:\/\/arterialstudio.com\/fr\/wp-json\/wp\/v2\/product\/988185","targetHints":{"allow":["GET"]}}],"collection":[{"href":"https:\/\/arterialstudio.com\/fr\/wp-json\/wp\/v2\/product"}],"about":[{"href":"https:\/\/arterialstudio.com\/fr\/wp-json\/wp\/v2\/types\/product"}],"replies":[{"embeddable":true,"href":"https:\/\/arterialstudio.com\/fr\/wp-json\/wp\/v2\/comments?post=988185"}],"wp:featuredmedia":[{"embeddable":true,"href":"https:\/\/arterialstudio.com\/fr\/wp-json\/wp\/v2\/media\/988184"}],"wp:attachment":[{"href":"https:\/\/arterialstudio.com\/fr\/wp-json\/wp\/v2\/media?parent=988185"}],"wp:term":[{"taxonomy":"product_brand","embeddable":true,"href":"https:\/\/arterialstudio.com\/fr\/wp-json\/wp\/v2\/product_brand?post=988185"},{"taxonomy":"product_cat","embeddable":true,"href":"https:\/\/arterialstudio.com\/fr\/wp-json\/wp\/v2\/product_cat?post=988185"},{"taxonomy":"product_tag","embeddable":true,"href":"https:\/\/arterialstudio.com\/fr\/wp-json\/wp\/v2\/product_tag?post=988185"}],"curies":[{"name":"wp","href":"https:\/\/api.w.org\/{rel}","templated":true}]}}