{"id":988471,"date":"2025-03-17T10:35:58","date_gmt":"2025-03-17T10:35:58","guid":{"rendered":"https:\/\/arterialstudio.com\/?post_type=product&#038;p=988471"},"modified":"2025-03-17T10:35:58","modified_gmt":"2025-03-17T10:35:58","slug":"fuente-de-alimentacion-para-tatuajes-aurora-2","status":"publish","type":"product","link":"https:\/\/arterialstudio.com\/en\/producto\/fuente-de-alimentacion-para-tatuajes-aurora-2\/","title":{"rendered":"Fuente de alimentaci\u00f3n para tatuajes Aurora 2"},"content":{"rendered":"<div class=\"vgblk-rw-wrapper limit-wrapper\">Conexi\u00f3n Dual para dos m\u00e1quinas de tatuaje simult\u00e1neamente.<\/p>\n<p>Fuente de alimentaci\u00f3n profesional para tatuajes LCD Mini AURORA II con adaptador de corriente para m\u00e1quinas de tatuaje rotativas y de bobina.<\/p>\n<p>Voltaje de salida: 1.5v &#8211; 16v. Con indicador que cambia de color seg\u00fan voltaje.<\/p>\n<p>Dimensiones: 7,3cm de di\u00e1metro, 4,45cm de altura.<\/p>\n<p>Peso: 187 g.<\/p>\n<p>Perilla de control giratorio f\u00e1cil de usar para encender\/apagar, cambiar modos y cambiar voltaje.<\/p>\n<p>Funci\u00f3n de modo de arranque para m\u00e1quinas de tatuaje rotativas.<\/p>\n<p>Entrada mono Jack de 6mm para cable de clip est\u00e1ndar y pedal (no se requiere pedal para funcionar). Dos modos de pedal: mantenido o moment\u00e1neo.<\/p>\n<p>Carcasa de aluminio anodizado mecanizado por CNC.<\/p>\n<p>Los imanes incorporados y los agarres de silicona permiten su uso en una variedad de superficies.<\/p>\n<p>El paquete incluye:<\/p>\n<p>1 fuente de alimentaci\u00f3n.<\/p>\n<p>1 adaptador.<\/p>\n<p>1 cable de corriente (si no hay ninguna nota especial, el enchufe est\u00e1ndar europeo se enviar\u00e1 por defecto).<\/p>\n<p>1 manual de instrucciones.<\/p>\n<p>Colores: Plata\/Negro<\/p><\/div>\n<p><!-- .vgblk-rw-wrapper --><\/p>\n","protected":false},"excerpt":{"rendered":"<p>Conexi\u00f3n Dual para dos m\u00e1quinas de tatuaje simult\u00e1neamente. Fuente de alimentaci\u00f3n profesional para tatuajes LCD Mini AURORA II con adaptador de corriente para m\u00e1quinas de tatuaje rotativas y de bobina. Voltaje de salida: 1.5v &#8211; 16v. Con indicador que cambia de color seg\u00fan voltaje. Dimensiones: 7,3cm de di\u00e1metro, 4,45cm de altura. Peso: 187 g. Perilla&#8230;<\/p>\n","protected":false},"featured_media":988466,"comment_status":"closed","ping_status":"closed","template":"","meta":[],"product_brand":[],"product_cat":[187],"product_tag":[],"class_list":{"0":"post-988471","1":"product","2":"type-product","3":"status-publish","4":"has-post-thumbnail","6":"product_cat-accesorios","8":"first","9":"instock","10":"taxable","11":"shipping-taxable","12":"purchasable","13":"product-type-simple"},"jetpack_sharing_enabled":true,"_links":{"self":[{"href":"https:\/\/arterialstudio.com\/en\/wp-json\/wp\/v2\/product\/988471","targetHints":{"allow":["GET"]}}],"collection":[{"href":"https:\/\/arterialstudio.com\/en\/wp-json\/wp\/v2\/product"}],"about":[{"href":"https:\/\/arterialstudio.com\/en\/wp-json\/wp\/v2\/types\/product"}],"replies":[{"embeddable":true,"href":"https:\/\/arterialstudio.com\/en\/wp-json\/wp\/v2\/comments?post=988471"}],"wp:featuredmedia":[{"embeddable":true,"href":"https:\/\/arterialstudio.com\/en\/wp-json\/wp\/v2\/media\/988466"}],"wp:attachment":[{"href":"https:\/\/arterialstudio.com\/en\/wp-json\/wp\/v2\/media?parent=988471"}],"wp:term":[{"taxonomy":"product_brand","embeddable":true,"href":"https:\/\/arterialstudio.com\/en\/wp-json\/wp\/v2\/product_brand?post=988471"},{"taxonomy":"product_cat","embeddable":true,"href":"https:\/\/arterialstudio.com\/en\/wp-json\/wp\/v2\/product_cat?post=988471"},{"taxonomy":"product_tag","embeddable":true,"href":"https:\/\/arterialstudio.com\/en\/wp-json\/wp\/v2\/product_tag?post=988471"}],"curies":[{"name":"wp","href":"https:\/\/api.w.org\/{rel}","templated":true}]}}