{"id":990550,"date":"2025-10-09T08:39:40","date_gmt":"2025-10-09T08:39:40","guid":{"rendered":"https:\/\/arterialstudio.com\/producto\/oem-protector-per-a-tatuatges-viper-pro\/"},"modified":"2025-10-09T08:39:40","modified_gmt":"2025-10-09T08:39:40","slug":"oem-protector-per-a-tatuatges-viper-pro","status":"publish","type":"product","link":"https:\/\/arterialstudio.com\/ca\/producto\/oem-protector-per-a-tatuatges-viper-pro\/","title":{"rendered":"OEM protector per a tatuatges VIPER Pro."},"content":{"rendered":"<div class=\"vgblk-rw-wrapper limit-wrapper\">Descripci\u00f3 del Producte:<\/p>\n<p>OEM Pel\u00b7l\u00edcula protectora per a tatuatges VIPER Pro.<\/p>\n<p>Ap\u00f2sit transparent per a tatuatges. Rotlle d&#8217;embenat impermeable per a la cura posterior del tatuatge, embenat de pel\u00b7l\u00edcula transparent, adhesiu protector curatiu de segona pell per a tatuatge. Comoditat i protecci\u00f3.  <\/p>\n<p>La pel\u00b7l\u00edcula protectora Viper Pro est\u00e0 dissenyada especialment per a una r\u00e0pida recuperaci\u00f3 durant l&#8217;etapa de curaci\u00f3 de la ferida del tatuatge.<\/p>\n<p>Protegeix contra els bacteris, la pols i la brut\u00edcia perqu\u00e8 el seu nou tatuatge romangui segur, ja que \u00e9s una ferida oberta que requereix la m\u00e0xima cura mentre cicatritza.<\/p>\n<p>Es tracta d&#8217;una pel\u00b7l\u00edcula transparent, flexible, impermeable i transpirable que ve adherida a un paper que la protegeix i que s&#8217;ha de rebutjar en aplicar el film al tatuatge. \u00c9s un sol \u00fas. <\/p>\n<p>Tots els nostres productes tenen IVA incl\u00f2s<\/p><\/div>\n<p><!-- .vgblk-rw-wrapper --><\/p>\n","protected":false},"excerpt":{"rendered":"<p>Descripci\u00f3 del Producte: OEM Pel\u00b7l\u00edcula protectora per a tatuatges VIPER Pro. Ap\u00f2sit transparent per a tatuatges. Rotlle d&#8217;embenat impermeable per a la cura posterior del tatuatge, embenat de pel\u00b7l\u00edcula transparent, adhesiu protector curatiu de segona pell per a tatuatge. Comoditat i protecci\u00f3. La pel\u00b7l\u00edcula protectora Viper Pro est\u00e0 dissenyada especialment per a una r\u00e0pida recuperaci\u00f3&#8230;<\/p>\n","protected":false},"featured_media":990547,"comment_status":"open","ping_status":"closed","template":"","meta":[],"product_brand":[],"product_cat":[174],"product_tag":[],"class_list":{"0":"post-990550","1":"product","2":"type-product","3":"status-publish","4":"has-post-thumbnail","6":"product_cat-productes-dhigiene","8":"first","9":"instock","10":"taxable","11":"shipping-taxable","12":"purchasable","13":"product-type-simple"},"jetpack_sharing_enabled":true,"_links":{"self":[{"href":"https:\/\/arterialstudio.com\/ca\/wp-json\/wp\/v2\/product\/990550","targetHints":{"allow":["GET"]}}],"collection":[{"href":"https:\/\/arterialstudio.com\/ca\/wp-json\/wp\/v2\/product"}],"about":[{"href":"https:\/\/arterialstudio.com\/ca\/wp-json\/wp\/v2\/types\/product"}],"replies":[{"embeddable":true,"href":"https:\/\/arterialstudio.com\/ca\/wp-json\/wp\/v2\/comments?post=990550"}],"wp:featuredmedia":[{"embeddable":true,"href":"https:\/\/arterialstudio.com\/ca\/wp-json\/wp\/v2\/media\/990547"}],"wp:attachment":[{"href":"https:\/\/arterialstudio.com\/ca\/wp-json\/wp\/v2\/media?parent=990550"}],"wp:term":[{"taxonomy":"product_brand","embeddable":true,"href":"https:\/\/arterialstudio.com\/ca\/wp-json\/wp\/v2\/product_brand?post=990550"},{"taxonomy":"product_cat","embeddable":true,"href":"https:\/\/arterialstudio.com\/ca\/wp-json\/wp\/v2\/product_cat?post=990550"},{"taxonomy":"product_tag","embeddable":true,"href":"https:\/\/arterialstudio.com\/ca\/wp-json\/wp\/v2\/product_tag?post=990550"}],"curies":[{"name":"wp","href":"https:\/\/api.w.org\/{rel}","templated":true}]}}