{"id":990540,"date":"2025-10-09T08:24:55","date_gmt":"2025-10-09T08:24:55","guid":{"rendered":"https:\/\/arterialstudio.com\/producto\/crema-tattoo-marca-pegasus-pro\/"},"modified":"2025-10-09T08:24:55","modified_gmt":"2025-10-09T08:24:55","slug":"crema-tattoo-marca-pegasus-pro","status":"publish","type":"product","link":"https:\/\/arterialstudio.com\/ca\/producto\/crema-tattoo-marca-pegasus-pro\/","title":{"rendered":"Crema tattoo Marca Pegasus Pro."},"content":{"rendered":"<div class=\"vgblk-rw-wrapper limit-wrapper\">Descripci\u00f3 del producte:<\/p>\n<p>Crema per a tatuatges 25ml (0.8 fl oz), cura di\u00e0ria, hidratant posterior al tatuatge, loci\u00f3 de cura, amb cajeput oil i pantenol<\/p>\n<p>Marca: Pegasus Pro. Vegano. Fabricat a Alemanya <\/p>\n<p>A causa dels seus ingredients acuradament seleccionats, el nostre ung\u00fcent Pegasus Pro Tattoo ofereix una protecci\u00f3 \u00f2ptima. Gr\u00e0cies a la seva consist\u00e8ncia suau, la pomada es pot estendre f\u00e0cilment sobre la pell i, per tant, \u00e9s adequada per a tatuatges grans. <\/p>\n<p>El nostre ung\u00fcent Pegasus Pro Tattoo t\u00e9 un contingut d&#8217;aigua extremadament baix, a difer\u00e8ncia de molts altres ung\u00fcents, es forma una pel\u00b7l\u00edcula protectora a la capa superior de la pell, que mant\u00e9 els pigments de color a la pell. L&#8217;oli de germen de blat i el dexpantenol enforteixen i tenen cura de la capa superficial natural de la pell. <\/p>\n<p>Ingredients: oli vegetal, oli de cajeput, oli de germen de blat, pantenol (provitamina de B5), vaselina (una barreja similar a una pomada d&#8217;hidrocarburs s\u00f2lids i l\u00edquids), limon\u00e8 (extracte de pell de taronja), linalool (alcohol natural que es troba en moltes flors i plantes d&#8217;esp\u00e8cies) geraniol (alcohol natural a citrona) oli d&#8217;ella, oli de rosa, etc.), vitamina E.<\/p>\n<p>Tots els nostres productes tenen IVA incl\u00f2s<\/p><\/div>\n<p><!-- .vgblk-rw-wrapper --><\/p>\n","protected":false},"excerpt":{"rendered":"<p>Descripci\u00f3 del producte: Crema per a tatuatges 25ml (0.8 fl oz), cura di\u00e0ria, hidratant posterior al tatuatge, loci\u00f3 de cura, amb cajeput oil i pantenol Marca: Pegasus Pro. Vegano. Fabricat a Alemanya A causa dels seus ingredients acuradament seleccionats, el nostre ung\u00fcent Pegasus Pro Tattoo ofereix una protecci\u00f3 \u00f2ptima. Gr\u00e0cies a la seva consist\u00e8ncia suau,&#8230;<\/p>\n","protected":false},"featured_media":990537,"comment_status":"open","ping_status":"closed","template":"","meta":[],"product_brand":[],"product_cat":[174],"product_tag":[],"class_list":{"0":"post-990540","1":"product","2":"type-product","3":"status-publish","4":"has-post-thumbnail","6":"product_cat-productes-dhigiene","8":"first","9":"instock","10":"taxable","11":"shipping-taxable","12":"purchasable","13":"product-type-simple"},"jetpack_sharing_enabled":true,"_links":{"self":[{"href":"https:\/\/arterialstudio.com\/ca\/wp-json\/wp\/v2\/product\/990540","targetHints":{"allow":["GET"]}}],"collection":[{"href":"https:\/\/arterialstudio.com\/ca\/wp-json\/wp\/v2\/product"}],"about":[{"href":"https:\/\/arterialstudio.com\/ca\/wp-json\/wp\/v2\/types\/product"}],"replies":[{"embeddable":true,"href":"https:\/\/arterialstudio.com\/ca\/wp-json\/wp\/v2\/comments?post=990540"}],"wp:featuredmedia":[{"embeddable":true,"href":"https:\/\/arterialstudio.com\/ca\/wp-json\/wp\/v2\/media\/990537"}],"wp:attachment":[{"href":"https:\/\/arterialstudio.com\/ca\/wp-json\/wp\/v2\/media?parent=990540"}],"wp:term":[{"taxonomy":"product_brand","embeddable":true,"href":"https:\/\/arterialstudio.com\/ca\/wp-json\/wp\/v2\/product_brand?post=990540"},{"taxonomy":"product_cat","embeddable":true,"href":"https:\/\/arterialstudio.com\/ca\/wp-json\/wp\/v2\/product_cat?post=990540"},{"taxonomy":"product_tag","embeddable":true,"href":"https:\/\/arterialstudio.com\/ca\/wp-json\/wp\/v2\/product_tag?post=990540"}],"curies":[{"name":"wp","href":"https:\/\/api.w.org\/{rel}","templated":true}]}}