{"id":990510,"date":"2025-10-09T07:36:13","date_gmt":"2025-10-09T07:36:13","guid":{"rendered":"https:\/\/arterialstudio.com\/producto\/funda-de-plastic-transparent-per-a-proteccio-de-lavantbrac\/"},"modified":"2025-10-09T07:36:13","modified_gmt":"2025-10-09T07:36:13","slug":"funda-de-plastic-transparent-per-a-proteccio-de-lavantbrac","status":"publish","type":"product","link":"https:\/\/arterialstudio.com\/ca\/producto\/funda-de-plastic-transparent-per-a-proteccio-de-lavantbrac\/","title":{"rendered":"Funda de pl\u00e0stic transparent per a protecci\u00f3 de l&#8217;avantbra\u00e7."},"content":{"rendered":"<div class=\"vgblk-rw-wrapper limit-wrapper\">Descripci\u00f3 del producte:<\/p>\n<p>Funda de pl\u00e0stic transparent per a la protecci\u00f3 de l\u2019avantbra\u00e7.<\/p>\n<p>Ideal per protegir contra qualsevol contaminaci\u00f3. Ajustament \u00f2ptim als avantbra\u00e7os gr\u00e0cies a la banda de goma dels extrems. <\/p>\n<p>\u00datil, vers\u00e0til, resistent a l\u2019aigua i c\u00f2mode d\u2019usar. Proporciona una barrera efica\u00e7 contra qualsevol contaminaci\u00f3 i ajuda a mantenir la higiene en els teus estudis de tatuatge. <\/p>\n<p>La funda protectora per a l\u2019avantbra\u00e7 est\u00e0 fabricada amb una pel\u00b7l\u00edcula de 24 micres, cosa que la fa extremadament duradora. Les bandes el\u00e0stiques dels extrems ajuden a mantenir-la al seu lloc. T\u00e9 una mida universal i s\u2019adapta de manera \u00f2ptima als avantbra\u00e7os.  <\/p>\n<p>Les fundes de pl\u00e0stic s\u00f3n perfectes no nom\u00e9s en la ind\u00fastria del tatuatge, sin\u00f3 tamb\u00e9 en qualsevol lloc on s\u2019hagin de complir els est\u00e0ndards d\u2019higiene m\u00e9s alts. Protegeixen contra la humitat i la brut\u00edcia. Tamb\u00e9 poden ser una extensi\u00f3 dels guants.  <\/p>\n<p>Caixa de 100 unitats d\u2019un sol \u00fas (50 parells). <\/p>\n<p>Dimensions: 20 cm x 40 cm<\/p>\n<p>Tots els nostres productes tenen IVA incl\u00f2s<\/p><\/div>\n<p><!-- .vgblk-rw-wrapper --><\/p>\n","protected":false},"excerpt":{"rendered":"<p>Descripci\u00f3 del producte: Funda de pl\u00e0stic transparent per a la protecci\u00f3 de l\u2019avantbra\u00e7. Ideal per protegir contra qualsevol contaminaci\u00f3. Ajustament \u00f2ptim als avantbra\u00e7os gr\u00e0cies a la banda de goma dels extrems. \u00datil, vers\u00e0til, resistent a l\u2019aigua i c\u00f2mode d\u2019usar. Proporciona una barrera efica\u00e7 contra qualsevol contaminaci\u00f3 i ajuda a mantenir la higiene en els teus&#8230;<\/p>\n","protected":false},"featured_media":990506,"comment_status":"open","ping_status":"closed","template":"","meta":[],"product_brand":[],"product_cat":[174],"product_tag":[],"class_list":{"0":"post-990510","1":"product","2":"type-product","3":"status-publish","4":"has-post-thumbnail","6":"product_cat-productes-dhigiene","8":"first","9":"instock","10":"taxable","11":"shipping-taxable","12":"purchasable","13":"product-type-simple"},"jetpack_sharing_enabled":true,"_links":{"self":[{"href":"https:\/\/arterialstudio.com\/ca\/wp-json\/wp\/v2\/product\/990510","targetHints":{"allow":["GET"]}}],"collection":[{"href":"https:\/\/arterialstudio.com\/ca\/wp-json\/wp\/v2\/product"}],"about":[{"href":"https:\/\/arterialstudio.com\/ca\/wp-json\/wp\/v2\/types\/product"}],"replies":[{"embeddable":true,"href":"https:\/\/arterialstudio.com\/ca\/wp-json\/wp\/v2\/comments?post=990510"}],"wp:featuredmedia":[{"embeddable":true,"href":"https:\/\/arterialstudio.com\/ca\/wp-json\/wp\/v2\/media\/990506"}],"wp:attachment":[{"href":"https:\/\/arterialstudio.com\/ca\/wp-json\/wp\/v2\/media?parent=990510"}],"wp:term":[{"taxonomy":"product_brand","embeddable":true,"href":"https:\/\/arterialstudio.com\/ca\/wp-json\/wp\/v2\/product_brand?post=990510"},{"taxonomy":"product_cat","embeddable":true,"href":"https:\/\/arterialstudio.com\/ca\/wp-json\/wp\/v2\/product_cat?post=990510"},{"taxonomy":"product_tag","embeddable":true,"href":"https:\/\/arterialstudio.com\/ca\/wp-json\/wp\/v2\/product_tag?post=990510"}],"curies":[{"name":"wp","href":"https:\/\/api.w.org\/{rel}","templated":true}]}}