{"id":990443,"date":"2025-10-06T08:15:32","date_gmt":"2025-10-06T08:15:32","guid":{"rendered":"https:\/\/arterialstudio.com\/producto\/paper-de-transferencia-termica-spirit\/"},"modified":"2025-10-06T08:15:32","modified_gmt":"2025-10-06T08:15:32","slug":"paper-de-transferencia-termica-spirit","status":"publish","type":"product","link":"https:\/\/arterialstudio.com\/ca\/producto\/paper-de-transferencia-termica-spirit\/","title":{"rendered":"Paper de transfer\u00e8ncia t\u00e8rmica SPIRIT."},"content":{"rendered":"<div class=\"vgblk-rw-wrapper limit-wrapper\">Descripci\u00f3 del Producte:<\/p>\n<p>DL-803 Paper de transfer\u00e8ncia t\u00e8rmica per a tatuatges SPIRIT.<\/p>\n<p>Material: a base d&#8217;oli<\/p>\n<p>Mida del paper: 21 x 29,7 cm (A4)<\/p>\n<p>Grand\u00e0ria del paquet 31,5 x 22 x 2,5 cm<\/p>\n<p>Paper de transfer\u00e8ncia de plantilla de tatuatge professional per transferir el teu disseny a la pell.<\/p>\n<p>Bon efecte de transfer\u00e8ncia<\/p>\n<p>Es pot fer servir amb una fotocopiadora t\u00e8rmica o una impressora de stencil.<\/p>\n<p>Cada fulla de Paper T\u00e8rmic t\u00e9: 4 capes.<\/p>\n<p>1) La capa superior \u00e9s blanca. Aquesta \u00e9s la capa a qu\u00e8 es transferir\u00e0 la seva imatge. <\/p>\n<p>2) La segona capa no est\u00e0 enganxada i \u00e9s de color blanc llet\u00f3s per evitar raigs. Normalment aquesta capa es rebutja. <\/p>\n<p>3) La tercera capa \u00e9s el carb\u00f3 (paper morat\/blau). En pressionar aquesta capa, la capa violeta\/blau es transfereix a la fulla superior. <\/p>\n<p>4) El quart full inferior \u00e9s groc i mant\u00e9 l&#8217;original al seu lloc quan s&#8217;utilitza una fotocopiadora de stencil.<\/p>\n<p>Tots els nostres productes tenen IVA incl\u00f2s<\/p><\/div>\n<p><!-- .vgblk-rw-wrapper --><\/p>\n","protected":false},"excerpt":{"rendered":"<p>Descripci\u00f3 del Producte: DL-803 Paper de transfer\u00e8ncia t\u00e8rmica per a tatuatges SPIRIT. Material: a base d&#8217;oli Mida del paper: 21 x 29,7 cm (A4) Grand\u00e0ria del paquet 31,5 x 22 x 2,5 cm Paper de transfer\u00e8ncia de plantilla de tatuatge professional per transferir el teu disseny a la pell. Bon efecte de transfer\u00e8ncia Es pot&#8230;<\/p>\n","protected":false},"featured_media":990440,"comment_status":"open","ping_status":"closed","template":"","meta":[],"product_brand":[],"product_cat":[178],"product_tag":[],"class_list":{"0":"post-990443","1":"product","2":"type-product","3":"status-publish","4":"has-post-thumbnail","6":"product_cat-disseny","8":"first","9":"instock","10":"taxable","11":"shipping-taxable","12":"purchasable","13":"product-type-variable"},"jetpack_sharing_enabled":true,"_links":{"self":[{"href":"https:\/\/arterialstudio.com\/ca\/wp-json\/wp\/v2\/product\/990443","targetHints":{"allow":["GET"]}}],"collection":[{"href":"https:\/\/arterialstudio.com\/ca\/wp-json\/wp\/v2\/product"}],"about":[{"href":"https:\/\/arterialstudio.com\/ca\/wp-json\/wp\/v2\/types\/product"}],"replies":[{"embeddable":true,"href":"https:\/\/arterialstudio.com\/ca\/wp-json\/wp\/v2\/comments?post=990443"}],"wp:featuredmedia":[{"embeddable":true,"href":"https:\/\/arterialstudio.com\/ca\/wp-json\/wp\/v2\/media\/990440"}],"wp:attachment":[{"href":"https:\/\/arterialstudio.com\/ca\/wp-json\/wp\/v2\/media?parent=990443"}],"wp:term":[{"taxonomy":"product_brand","embeddable":true,"href":"https:\/\/arterialstudio.com\/ca\/wp-json\/wp\/v2\/product_brand?post=990443"},{"taxonomy":"product_cat","embeddable":true,"href":"https:\/\/arterialstudio.com\/ca\/wp-json\/wp\/v2\/product_cat?post=990443"},{"taxonomy":"product_tag","embeddable":true,"href":"https:\/\/arterialstudio.com\/ca\/wp-json\/wp\/v2\/product_tag?post=990443"}],"curies":[{"name":"wp","href":"https:\/\/api.w.org\/{rel}","templated":true}]}}