{"id":990414,"date":"2025-10-04T16:47:19","date_gmt":"2025-10-04T16:47:19","guid":{"rendered":"https:\/\/arterialstudio.com\/producto\/marcadors-permanents-generics-yue-cai\/"},"modified":"2025-10-04T16:47:19","modified_gmt":"2025-10-04T16:47:19","slug":"marcadors-permanents-generics-yue-cai","status":"publish","type":"product","link":"https:\/\/arterialstudio.com\/ca\/producto\/marcadors-permanents-generics-yue-cai\/","title":{"rendered":"Marcadors permanents gen\u00e8rics YUE CAI"},"content":{"rendered":"<div class=\"vgblk-rw-wrapper limit-wrapper\">Descripci\u00f3 del producte:<\/p>\n<p>Retoladors permanents gen\u00e8rics<\/p>\n<p>Paquet de 6 retoladors de tinta permanent amb punta rodona mitjana.<\/p>\n<p>Aquests retoladors permanents resisteixen perfectament l&#8217;aigua i tenen un assecat r\u00e0pid que fa efecte immediatament despr\u00e9s d&#8217;aplicar-los sobre la superf\u00edcie de contacte. No obstant aix\u00f2, es recomana col\u00b7locar la tapa despr\u00e9s de l&#8217;\u00fas per evitar que la tinta interior s&#8217;assequi. <\/p>\n<p>NO S\u00d3N RECOMANABLES PER A NENS MENORS DE 3 ANYS.<\/p>\n<p>La tinta impermeable \u00e9s a base d&#8217;alcohol, d&#8217;assecat r\u00e0pid, resistent a les taques i a la decoloraci\u00f3, per la qual cosa no s&#8217;esvaeix f\u00e0cilment.<\/p>\n<p>Funciona en superf\u00edcies dif\u00edcils de marcar com vidre, fusta, pedra, cer\u00e0mica, roba, metall, paper, etc.<\/p>\n<p>Encara que estan pensats com a material escolar, per la seva qualitat i pels seus colors de llarga durada que es mantenen impregnats durant molt de temps, s\u00f3n molt utilitzats per tatuadors professionals.<\/p>\n<p>Contingut: 6 unitats<\/p>\n<p>Presentaci\u00f3: Bl\u00edster<\/p>\n<p>Colors: Blau, groc, rosa, verd, vermell i negre.<\/p>\n<p>Tots els nostres productes tenen l&#8217;IVA incl\u00f2s.<\/p><\/div>\n<p><!-- .vgblk-rw-wrapper --><\/p>\n","protected":false},"excerpt":{"rendered":"<p>Descripci\u00f3 del producte: Retoladors permanents gen\u00e8rics Paquet de 6 retoladors de tinta permanent amb punta rodona mitjana. Aquests retoladors permanents resisteixen perfectament l&#8217;aigua i tenen un assecat r\u00e0pid que fa efecte immediatament despr\u00e9s d&#8217;aplicar-los sobre la superf\u00edcie de contacte. No obstant aix\u00f2, es recomana col\u00b7locar la tapa despr\u00e9s de l&#8217;\u00fas per evitar que la tinta&#8230;<\/p>\n","protected":false},"featured_media":990411,"comment_status":"open","ping_status":"closed","template":"","meta":[],"product_brand":[],"product_cat":[178],"product_tag":[],"class_list":{"0":"post-990414","1":"product","2":"type-product","3":"status-publish","4":"has-post-thumbnail","6":"product_cat-disseny","8":"first","9":"instock","10":"taxable","11":"shipping-taxable","12":"purchasable","13":"product-type-simple"},"jetpack_sharing_enabled":true,"_links":{"self":[{"href":"https:\/\/arterialstudio.com\/ca\/wp-json\/wp\/v2\/product\/990414","targetHints":{"allow":["GET"]}}],"collection":[{"href":"https:\/\/arterialstudio.com\/ca\/wp-json\/wp\/v2\/product"}],"about":[{"href":"https:\/\/arterialstudio.com\/ca\/wp-json\/wp\/v2\/types\/product"}],"replies":[{"embeddable":true,"href":"https:\/\/arterialstudio.com\/ca\/wp-json\/wp\/v2\/comments?post=990414"}],"wp:featuredmedia":[{"embeddable":true,"href":"https:\/\/arterialstudio.com\/ca\/wp-json\/wp\/v2\/media\/990411"}],"wp:attachment":[{"href":"https:\/\/arterialstudio.com\/ca\/wp-json\/wp\/v2\/media?parent=990414"}],"wp:term":[{"taxonomy":"product_brand","embeddable":true,"href":"https:\/\/arterialstudio.com\/ca\/wp-json\/wp\/v2\/product_brand?post=990414"},{"taxonomy":"product_cat","embeddable":true,"href":"https:\/\/arterialstudio.com\/ca\/wp-json\/wp\/v2\/product_cat?post=990414"},{"taxonomy":"product_tag","embeddable":true,"href":"https:\/\/arterialstudio.com\/ca\/wp-json\/wp\/v2\/product_tag?post=990414"}],"curies":[{"name":"wp","href":"https:\/\/api.w.org\/{rel}","templated":true}]}}