{"id":990406,"date":"2025-10-04T16:14:27","date_gmt":"2025-10-04T16:14:27","guid":{"rendered":"https:\/\/arterialstudio.com\/producto\/fotocopiadora-termografica-de-stencil-sense-fil\/"},"modified":"2025-10-04T16:14:27","modified_gmt":"2025-10-04T16:14:27","slug":"fotocopiadora-termografica-de-stencil-sense-fil","status":"publish","type":"product","link":"https:\/\/arterialstudio.com\/ca\/producto\/fotocopiadora-termografica-de-stencil-sense-fil\/","title":{"rendered":"Fotocopiadora termogr\u00e0fica de stencil ( sense fil)"},"content":{"rendered":"<div class=\"vgblk-rw-wrapper limit-wrapper\">Impressora t\u00e8rmica per a fulles de transfer stencil. Port\u00e0til, Sense fil, econ\u00f2mica: La Revoluci\u00f3 per als Tatuadors Professionals. <\/p>\n<p>1. Connexi\u00f3 Sense fil Bluetooth i cable USB.<\/p>\n<p>Gr\u00e0cies a la connexi\u00f3 Bluetooth, aquesta impressora t\u00e8rmica per a tatuatges elimina la necessitat de cables molestos. Pots connectar f\u00e0cilment el teu dispositiu m\u00f2bil, tel\u00e8fon, Tablet o port\u00e0til a la m\u00e0quina sense preocupar-te per l&#8217;embolic de cables. Aix\u00f2 no nom\u00e9s millora la comoditat i flexibilitat, sin\u00f3 que tamb\u00e9 permet una llibertat de moviment m\u00e9s gran durant la transfer\u00e8ncia de plantilles.  <\/p>\n<p>2. Disseny Port\u00e0til i Compacte.<\/p>\n<p>Un dels majors avantatges daquesta m\u00e0quina, a part del seu preu, \u00e9s el seu disseny port\u00e0til. La seva mida compacta la fa ideal per portar a convencions, estudis de tatuatge m\u00f2bils o qualsevol lloc on necessitis fer transfer\u00e8ncies de plantilles de manera r\u00e0pida i eficient. \u00c9s lleugera, f\u00e0cil de transportar i est\u00e0 a punt per utilitzar en qualsevol moment.  <\/p>\n<p>3. Alta Precisi\u00f3 i Detalls Clars. Cap\u00e7als d&#8217;impressi\u00f3 d&#8217;alta resoluci\u00f3, impressi\u00f3 clara i rendiment estable. <\/p>\n<p>Aquesta impressora t\u00e8rmica permet fer transfer\u00e8ncies precises i amb detalls n\u00edtids, fins i tot per als tatuatges m\u00e9s intricats. Gr\u00e0cies a la seva tecnologia avan\u00e7ada, garanteix que les plantilles es copi\u00efn amb precisi\u00f3, cosa que facilita al tatuador el proc\u00e9s de tra\u00e7at i assegura un disseny m\u00e9s net i detallat a la pell del client. <\/p>\n<p>4. F\u00e0cil d&#8217;usar.<\/p>\n<p>La configuraci\u00f3 \u00e9s senzilla i intu\u00eftiva. Amb nom\u00e9s uns passos, podr\u00e0s estar llest per transferir les plantilles a la pell del client sense complicacions. No importa si ets principiant o un professional experimentat, aquesta m\u00e0quina \u00e9s f\u00e0cil dusar. No necessites ser un expert en tecnologia per comen\u00e7ar a fer-la servir. La seva interf\u00edcie amigable garanteix que qualsevol pugui operar sense dificultat.    <\/p>\n<p>5. Bateria de Llarga Durada.<\/p>\n<p>La m\u00e0quina compta amb una bateria recarregable de llarga durada de 2500mAh que assegura que la puguis utilitzar durant tot el dia sense necessitat de recarregar-la constantment. Aix\u00f2 \u00e9s especialment \u00fatil en esdeveniments o quan treballes durant llargues hores, permetent concentrar-te en el teu art sense interrupcions. <\/p>\n<p>En conclusi\u00f3,<\/p>\n<p>Velocitat d&#8217;impressi\u00f3, poca calor, poc soroll, bon rendiment i econ\u00f2mica. Si cerques una forma d&#8217;optimitzar el teu proc\u00e9s de treball, millorar la qualitat. <\/p>\n<p>de les transfer\u00e8ncies del disseny a la pell i aconseguir un treball m\u00e9s r\u00e0pid, eficient i professional, no dubtis que aquesta m\u00e0quina \u00e9s per a tu.<\/p>\n<p>Especificacions:<\/p>\n<p>Color: Negre<\/p>\n<p>Ample d&#8217;impressi\u00f3 efectiu: 210 mm<\/p>\n<p>Resoluci\u00f3: 203 dpi<\/p>\n<p>Bateria de 2500mAh<\/p>\n<p>Forma de connexi\u00f3: Bluetooth + USB<\/p>\n<p>Entrada: 5V 2A<\/p>\n<p>Grand\u00e0ria del paper: A4<\/p>\n<p>Grand\u00e0ria de l&#8217;article 267 x 95 x 51mm<\/p>\n<p>Pes 810g<\/p>\n<p>Grand\u00e0ria del paquet 340 x 130 x 65 mm<\/p>\n<p>Pes amb embalatge: 1145g<\/p>\n<p>&nbsp;<\/p>\n<p>Dins del paquet:<\/p>\n<p>1 impressora t\u00e8rmica.<\/p>\n<p>1 cable USB.<\/p>\n<p>1 manual dusuari.<\/p>\n<p>Tots els nostres productes tenen IVA incl\u00f2s<\/p><\/div>\n<p><!-- .vgblk-rw-wrapper --><\/p>\n","protected":false},"excerpt":{"rendered":"<p>Impressora t\u00e8rmica per a fulles de transfer stencil. Port\u00e0til, Sense fil, econ\u00f2mica: La Revoluci\u00f3 per als Tatuadors Professionals. 1. Connexi\u00f3 Sense fil Bluetooth i cable USB. Gr\u00e0cies a la connexi\u00f3 Bluetooth, aquesta impressora t\u00e8rmica per a tatuatges elimina la necessitat de cables molestos. Pots connectar f\u00e0cilment el teu dispositiu m\u00f2bil, tel\u00e8fon, Tablet o port\u00e0til a&#8230;<\/p>\n","protected":false},"featured_media":990403,"comment_status":"open","ping_status":"closed","template":"","meta":[],"product_brand":[],"product_cat":[178],"product_tag":[],"class_list":{"0":"post-990406","1":"product","2":"type-product","3":"status-publish","4":"has-post-thumbnail","6":"product_cat-disseny","8":"first","9":"instock","10":"taxable","11":"shipping-taxable","12":"purchasable","13":"product-type-simple"},"jetpack_sharing_enabled":true,"_links":{"self":[{"href":"https:\/\/arterialstudio.com\/ca\/wp-json\/wp\/v2\/product\/990406","targetHints":{"allow":["GET"]}}],"collection":[{"href":"https:\/\/arterialstudio.com\/ca\/wp-json\/wp\/v2\/product"}],"about":[{"href":"https:\/\/arterialstudio.com\/ca\/wp-json\/wp\/v2\/types\/product"}],"replies":[{"embeddable":true,"href":"https:\/\/arterialstudio.com\/ca\/wp-json\/wp\/v2\/comments?post=990406"}],"wp:featuredmedia":[{"embeddable":true,"href":"https:\/\/arterialstudio.com\/ca\/wp-json\/wp\/v2\/media\/990403"}],"wp:attachment":[{"href":"https:\/\/arterialstudio.com\/ca\/wp-json\/wp\/v2\/media?parent=990406"}],"wp:term":[{"taxonomy":"product_brand","embeddable":true,"href":"https:\/\/arterialstudio.com\/ca\/wp-json\/wp\/v2\/product_brand?post=990406"},{"taxonomy":"product_cat","embeddable":true,"href":"https:\/\/arterialstudio.com\/ca\/wp-json\/wp\/v2\/product_cat?post=990406"},{"taxonomy":"product_tag","embeddable":true,"href":"https:\/\/arterialstudio.com\/ca\/wp-json\/wp\/v2\/product_tag?post=990406"}],"curies":[{"name":"wp","href":"https:\/\/api.w.org\/{rel}","templated":true}]}}