{"id":990383,"date":"2025-10-04T14:47:21","date_gmt":"2025-10-04T14:47:21","guid":{"rendered":"https:\/\/arterialstudio.com\/producto\/pell-sintetica-per-a-practiques\/"},"modified":"2025-10-04T14:47:21","modified_gmt":"2025-10-04T14:47:21","slug":"pell-sintetica-per-a-practiques","status":"publish","type":"product","link":"https:\/\/arterialstudio.com\/ca\/producto\/pell-sintetica-per-a-practiques\/","title":{"rendered":"Pell Sint\u00e8tica per a Pr\u00e0ctiques."},"content":{"rendered":"<div class=\"vgblk-rw-wrapper limit-wrapper\">Descripci\u00f3 del producte:<\/p>\n<p>Pell Sint\u00e8tica per a Pr\u00e0ctiques de Tatuatge<\/p>\n<p>Material d&#8217;alta qualitat que imita la sensaci\u00f3 i la textura de la pell real, dissenyat espec\u00edficament per a pr\u00e0ctiques de tatuatge i microblading.<\/p>\n<p>Caracter\u00edstiques principals:<\/p>\n<p>\u00b7 Material Realista: Fabricada amb cautx\u00fa sint\u00e8tic d&#8217;alta qualitat, ofereix una sensaci\u00f3 de tacte similar a la pell aut\u00e8ntica. \u00c9s suau, flexible, el\u00e0stic i durador. <\/p>\n<p>\u00b7 F\u00e0cil de Pintar: Dissenyat professionalment per a exercicis de microblading i tatuatges, permetent un acabat realista.<\/p>\n<p>\u00b7Flexibilitat: Es pot embolicar al voltant d&#8217;objectes per simular diferents parts del cos, ideal per practicar contorns i t\u00e8cniques variades.<\/p>\n<p>\u00b7 Grand\u00e0ria Generosa: 20 x 30 cm, proporciona prou espai per crear dissenys detallats.<\/p>\n<p>\u00b7 Dos Grossors Disponibles:<\/p>\n<p>o 3mm: Ideal per a principiants, permet l&#8217;\u00fas per ambd\u00f3s costats, maximitzant-ne la durabilitat i l&#8217;espai de pr\u00e0ctica.<\/p>\n<p>1.3mm: Dissenyat per a \u00fas per un sol costat, perfecte per a pr\u00e0ctiques m\u00e9s avan\u00e7ades.<\/p>\n<p>F\u00e0cil d&#8217;usar:<\/p>\n<p>1. Imprimeix el patr\u00f3 desitjat a la pell sint\u00e8tica.<\/p>\n<p>2. Aplica una capa fina de vaselina.<\/p>\n<p>3. Comen\u00e7a a tatuar!<\/p>\n<p>Aplicacions:<\/p>\n<p>\u00b7 Perfecta per a principiants que practiquen tatuatges, microblading de celles i delineat d&#8217;ulls.<\/p>\n<p>\u00b7 Ideal per a professionals que volen provar noves agulles, tintes o m\u00e0quines de tatuatge.<\/p>\n<p>\u00b7 Recomanada per a estudis de tatuatge i escoles dart.<\/p>\n<p>Tots els nostres productes tenen IVA incl\u00f2s<\/p><\/div>\n<p><!-- .vgblk-rw-wrapper --><\/p>\n","protected":false},"excerpt":{"rendered":"<p>Descripci\u00f3 del producte: Pell Sint\u00e8tica per a Pr\u00e0ctiques de Tatuatge Material d&#8217;alta qualitat que imita la sensaci\u00f3 i la textura de la pell real, dissenyat espec\u00edficament per a pr\u00e0ctiques de tatuatge i microblading. Caracter\u00edstiques principals: \u00b7 Material Realista: Fabricada amb cautx\u00fa sint\u00e8tic d&#8217;alta qualitat, ofereix una sensaci\u00f3 de tacte similar a la pell aut\u00e8ntica. \u00c9s&#8230;<\/p>\n","protected":false},"featured_media":990371,"comment_status":"open","ping_status":"closed","template":"","meta":[],"product_brand":[],"product_cat":[180],"product_tag":[],"class_list":{"0":"post-990383","1":"product","2":"type-product","3":"status-publish","4":"has-post-thumbnail","6":"product_cat-consumibles-ca","8":"first","9":"instock","10":"taxable","11":"shipping-taxable","12":"purchasable","13":"product-type-variable"},"jetpack_sharing_enabled":true,"_links":{"self":[{"href":"https:\/\/arterialstudio.com\/ca\/wp-json\/wp\/v2\/product\/990383","targetHints":{"allow":["GET"]}}],"collection":[{"href":"https:\/\/arterialstudio.com\/ca\/wp-json\/wp\/v2\/product"}],"about":[{"href":"https:\/\/arterialstudio.com\/ca\/wp-json\/wp\/v2\/types\/product"}],"replies":[{"embeddable":true,"href":"https:\/\/arterialstudio.com\/ca\/wp-json\/wp\/v2\/comments?post=990383"}],"wp:featuredmedia":[{"embeddable":true,"href":"https:\/\/arterialstudio.com\/ca\/wp-json\/wp\/v2\/media\/990371"}],"wp:attachment":[{"href":"https:\/\/arterialstudio.com\/ca\/wp-json\/wp\/v2\/media?parent=990383"}],"wp:term":[{"taxonomy":"product_brand","embeddable":true,"href":"https:\/\/arterialstudio.com\/ca\/wp-json\/wp\/v2\/product_brand?post=990383"},{"taxonomy":"product_cat","embeddable":true,"href":"https:\/\/arterialstudio.com\/ca\/wp-json\/wp\/v2\/product_cat?post=990383"},{"taxonomy":"product_tag","embeddable":true,"href":"https:\/\/arterialstudio.com\/ca\/wp-json\/wp\/v2\/product_tag?post=990383"}],"curies":[{"name":"wp","href":"https:\/\/api.w.org\/{rel}","templated":true}]}}