{"id":990033,"date":"2025-10-04T12:12:57","date_gmt":"2025-10-04T12:12:57","guid":{"rendered":"https:\/\/arterialstudio.com\/producto\/cartutxos-evo-ultimat-magnum-giant\/"},"modified":"2025-10-04T12:12:57","modified_gmt":"2025-10-04T12:12:57","slug":"cartutxos-evo-ultimat-magnum-giant","status":"publish","type":"product","link":"https:\/\/arterialstudio.com\/ca\/producto\/cartutxos-evo-ultimat-magnum-giant\/","title":{"rendered":"Cartutxos EVO ULTIMAT Magnum Giant"},"content":{"rendered":"<div class=\"vgblk-rw-wrapper limit-wrapper\">Descripci\u00f3 del producte:<\/p>\n<p>Cartutxos de Tatuatge EVO MAGS \u2015 Precisi\u00f3 i Rendiment Professional<\/p>\n<p>Els cartutxos de tatuatge EVO MAGNUM ULTIMATE SUPER BIG est\u00e0 dissenyat per a tatuatges realment grans i algunes necessitats especials. L&#8217;objectiu principal dels cartutxos magnum rodons o magnum corbs \u00e9s l&#8217;ombreig i la barreja de colors. Combinen precisi\u00f3, seguretat i innovaci\u00f3. Cartutxos fabricats amb agulles d&#8217;acer inoxidable de grau quir\u00fargic 304 i pl\u00e0stic de grau m\u00e8dic, garanteixen una nitidesa excepcional i un flux de tinta constant, minimitzant el trauma a la pell.   <\/p>\n<p>Caracter\u00edstiques principals:<\/p>\n<p>\u2714 Mides Disponibles: Aquest llistat inclou cartutxos de calibre #12 (0,35 mm) i Medium Taper (2,5 mm), ideals per a un tra\u00e7 equilibrat i vers\u00e0til. \u2714 Membrana Segellada: Evita el reflux de tinta i minimitza el risc de contaminaci\u00f3 creuada. \u2714 Esterilitzaci\u00f3 amb Gas EO: Cada cartutx est\u00e0 esterilitzat individualment per garantir la m\u00e0xima seguretat. \u2714 Compatibilitat Universal: Funcionen amb la majoria de les m\u00e0quines tipus PEN del mercat.   <\/p>\n<p>Opcions disponibles en aquest llistat:<\/p>\n<p>Farciment uniforme i degradats naturals.<\/p>\n<p>Preus per caixa i per unitat solta. Tots els preus inclouen l&#8217;IVA. <\/p><\/div>\n<p><!-- .vgblk-rw-wrapper --><\/p>\n","protected":false},"excerpt":{"rendered":"<p>Descripci\u00f3 del producte: Cartutxos de Tatuatge EVO MAGS \u2015 Precisi\u00f3 i Rendiment Professional Els cartutxos de tatuatge EVO MAGNUM ULTIMATE SUPER BIG est\u00e0 dissenyat per a tatuatges realment grans i algunes necessitats especials. L&#8217;objectiu principal dels cartutxos magnum rodons o magnum corbs \u00e9s l&#8217;ombreig i la barreja de colors. Combinen precisi\u00f3, seguretat i innovaci\u00f3. Cartutxos&#8230;<\/p>\n","protected":false},"featured_media":989920,"comment_status":"open","ping_status":"closed","template":"","meta":[],"product_brand":[],"product_cat":[195,201],"product_tag":[],"class_list":{"0":"post-990033","1":"product","2":"type-product","3":"status-publish","4":"has-post-thumbnail","6":"product_cat-cartutxos","7":"product_cat-evo-ultimate-mags-ca","9":"first","10":"instock","11":"taxable","12":"shipping-taxable","13":"purchasable","14":"product-type-variable"},"jetpack_sharing_enabled":true,"_links":{"self":[{"href":"https:\/\/arterialstudio.com\/ca\/wp-json\/wp\/v2\/product\/990033","targetHints":{"allow":["GET"]}}],"collection":[{"href":"https:\/\/arterialstudio.com\/ca\/wp-json\/wp\/v2\/product"}],"about":[{"href":"https:\/\/arterialstudio.com\/ca\/wp-json\/wp\/v2\/types\/product"}],"replies":[{"embeddable":true,"href":"https:\/\/arterialstudio.com\/ca\/wp-json\/wp\/v2\/comments?post=990033"}],"wp:featuredmedia":[{"embeddable":true,"href":"https:\/\/arterialstudio.com\/ca\/wp-json\/wp\/v2\/media\/989920"}],"wp:attachment":[{"href":"https:\/\/arterialstudio.com\/ca\/wp-json\/wp\/v2\/media?parent=990033"}],"wp:term":[{"taxonomy":"product_brand","embeddable":true,"href":"https:\/\/arterialstudio.com\/ca\/wp-json\/wp\/v2\/product_brand?post=990033"},{"taxonomy":"product_cat","embeddable":true,"href":"https:\/\/arterialstudio.com\/ca\/wp-json\/wp\/v2\/product_cat?post=990033"},{"taxonomy":"product_tag","embeddable":true,"href":"https:\/\/arterialstudio.com\/ca\/wp-json\/wp\/v2\/product_tag?post=990033"}],"curies":[{"name":"wp","href":"https:\/\/api.w.org\/{rel}","templated":true}]}}