{"id":989287,"date":"2025-10-02T17:23:21","date_gmt":"2025-10-02T17:23:21","guid":{"rendered":"https:\/\/arterialstudio.com\/producto\/tattoo-ink-shaker\/"},"modified":"2025-10-02T17:36:35","modified_gmt":"2025-10-02T17:36:35","slug":"tattoo-ink-shaker","status":"publish","type":"product","link":"https:\/\/arterialstudio.com\/ca\/producto\/tattoo-ink-shaker\/","title":{"rendered":"Tattoo Ink Shaker"},"content":{"rendered":"<div class=\"vgblk-rw-wrapper limit-wrapper\">Descripci\u00f3 del producte:<\/p>\n<p>Vortex &#8211; Mesclador orbital per a tinta de tatuatge<\/p>\n<p>Originalment emprat en laboratoris per barrejar el l\u00edquid dels vials, en els darrers anys s&#8217;ha convertit en una eina essencial en els estudis de tatuatge. Les tintes per a tatuatges estan compostes per part\u00edcules de pigment suspeses en un l\u00edquid portador i, amb el temps, aquests pigments es poden sedimentar. El seu \u00fas \u00e9s molt senzill: nom\u00e9s cal pressionar l&#8217;ampolla sobre la part superior de goma de l&#8217;agitador per activar-lo. Aix\u00f2 posa en marxa el motor, que sacseja l&#8217;ampolla a gaireb\u00e9 3000 revolucions per minut, homogene\u00eftzant la barreja. D&#8217;aquesta manera, la tinta mant\u00e9 una consist\u00e8ncia adequada en color i viscositat, cosa que \u00e9s fonamental per a la creaci\u00f3 de tatuatges d&#8217;alta qualitat.    <\/p>\n<p>F\u00e0cil i c\u00f2mode dutilitzar, aquest dispositiu estalvia temps i esfor\u00e7. A m\u00e9s del seu \u00fas en laboratoris i estudis de tatuatge, tamb\u00e9 \u00e9s emprat per modelistes professionals per barrejar petits pots de pintura, aix\u00ed com en salons de bellesa per agitar esmalts d&#8217;ungles i adhesius per a pestanyes. <\/p>\n<p>Caracter\u00edstiques:<\/p>\n<p>Disseny compacte i f\u00e0cil d&#8217;emmagatzemar o transportar.<\/p>\n<p>Base amb ventosa per evitar despla\u00e7aments per vibracions a alta velocitat.<\/p>\n<p>Barreja r\u00e0pida i uniforme de pigments sedimentats, evitant alteracions a la tinta per emmagatzematge prolongat.<\/p>\n<p>Funciona amb connexi\u00f3 el\u00e8ctrica (cable d&#8217;alimentaci\u00f3 incl\u00f2s).<\/p>\n<p>Dades t\u00e8cniques:<\/p>\n<p>Di\u00e0metre de l\u00b4agitador: 4.5 cm<\/p>\n<p>Pes m\u00e0xim perm\u00e8s per a agitaci\u00f3 (incloent-hi accessori): 0.1 kg<\/p>\n<p>Pot\u00e8ncia de sortida del motor: 0.8 W<\/p>\n<p>Pot\u00e8ncia d\u00b4entrada del motor: 1.2 W<\/p>\n<p>Temps doperaci\u00f3 perm\u00e8s: 100%<\/p>\n<p>Velocitat fixa: 2800 rpm<\/p>\n<p>Ample: 100 mm<\/p>\n<p>Consum d&#8217;energia: 30 W<\/p>\n<p>Pes: 0.55 kg<\/p>\n<p>Al\u00e7ada: 70 mm<\/p>\n<p>Profunditat: 100 mm<\/p>\n<p>Freq\u00fc\u00e8ncia: 50\/60 Hz<\/p>\n<p>Voltatge: 100 &#8211; 240V<\/p>\n<p>Tipus de moviment: orbital<\/p>\n<p>Funci\u00f3 t\u00e0ctil: s\u00ed<\/p>\n<p>Disponible en colors:<\/p>\n<p>Blanc, Negre<\/p><\/div>\n<p><!-- .vgblk-rw-wrapper --><\/p>\n","protected":false},"excerpt":{"rendered":"<p>Descripci\u00f3 del producte: Vortex &#8211; Mesclador orbital per a tinta de tatuatge Originalment emprat en laboratoris per barrejar el l\u00edquid dels vials, en els darrers anys s&#8217;ha convertit en una eina essencial en els estudis de tatuatge. Les tintes per a tatuatges estan compostes per part\u00edcules de pigment suspeses en un l\u00edquid portador i, amb&#8230;<\/p>\n","protected":false},"featured_media":989272,"comment_status":"open","ping_status":"closed","template":"","meta":[],"product_brand":[],"product_cat":[189],"product_tag":[],"class_list":{"0":"post-989287","1":"product","2":"type-product","3":"status-publish","4":"has-post-thumbnail","6":"product_cat-accesoris","8":"first","9":"instock","10":"taxable","11":"shipping-taxable","12":"purchasable","13":"product-type-variable"},"jetpack_sharing_enabled":true,"_links":{"self":[{"href":"https:\/\/arterialstudio.com\/ca\/wp-json\/wp\/v2\/product\/989287","targetHints":{"allow":["GET"]}}],"collection":[{"href":"https:\/\/arterialstudio.com\/ca\/wp-json\/wp\/v2\/product"}],"about":[{"href":"https:\/\/arterialstudio.com\/ca\/wp-json\/wp\/v2\/types\/product"}],"replies":[{"embeddable":true,"href":"https:\/\/arterialstudio.com\/ca\/wp-json\/wp\/v2\/comments?post=989287"}],"wp:featuredmedia":[{"embeddable":true,"href":"https:\/\/arterialstudio.com\/ca\/wp-json\/wp\/v2\/media\/989272"}],"wp:attachment":[{"href":"https:\/\/arterialstudio.com\/ca\/wp-json\/wp\/v2\/media?parent=989287"}],"wp:term":[{"taxonomy":"product_brand","embeddable":true,"href":"https:\/\/arterialstudio.com\/ca\/wp-json\/wp\/v2\/product_brand?post=989287"},{"taxonomy":"product_cat","embeddable":true,"href":"https:\/\/arterialstudio.com\/ca\/wp-json\/wp\/v2\/product_cat?post=989287"},{"taxonomy":"product_tag","embeddable":true,"href":"https:\/\/arterialstudio.com\/ca\/wp-json\/wp\/v2\/product_tag?post=989287"}],"curies":[{"name":"wp","href":"https:\/\/api.w.org\/{rel}","templated":true}]}}