{"id":989263,"date":"2025-10-02T16:45:40","date_gmt":"2025-10-02T16:45:40","guid":{"rendered":"https:\/\/arterialstudio.com\/producto\/hd008-tattoo-power-supply\/"},"modified":"2025-10-02T16:45:40","modified_gmt":"2025-10-02T16:45:40","slug":"hd008-tattoo-power-supply","status":"publish","type":"product","link":"https:\/\/arterialstudio.com\/ca\/producto\/hd008-tattoo-power-supply\/","title":{"rendered":"HD008 Tattoo Power Supply"},"content":{"rendered":"<div class=\"vgblk-rw-wrapper limit-wrapper\">Descripci\u00f3 del producte:<\/p>\n<p>HD008 Tattoo Power Supply<\/p>\n<p>Gran pantalla LCD: Ofereix una pantalla gran amb un ampli angle de visi\u00f3, cosa que facilita el monitoratge prec\u00eds del voltatge durant el tatuatge.<\/p>\n<p>Perilla d\u02bbajust de voltatge de sortida: El bot\u00f3 giratori permet ajustar el voltatge en increments de 0.1V, garantint precisi\u00f3 per a una experi\u00e8ncia de tatuatge m\u00e9s suau.<\/p>\n<p>Maneres d&#8217;operaci\u00f3 duals: Brinda flexibilitat amb dues maneres. Utilitza el pedal de peu per a control quan estigui connectat o simplement prem el bot\u00f3 d&#8217;ajust de voltatge quan el pedal de peu no estigui connectat, estalviant temps i esfor\u00e7. <\/p>\n<p>Endolls d&#8217;alimentaci\u00f3 est\u00e0ndard i durabilitat del material: Compte amb un endoll d&#8217;alimentaci\u00f3 en forma de 8, fabricat amb materials que resisteixen la calor i ofereixen bon retard al foc. Ve amb un endoll est\u00e0ndard per a m\u00e9s comoditat. <\/p>\n<p>Cable d&#8217;alimentaci\u00f3 est\u00e8s: Equipat amb un cable d&#8217;alimentaci\u00f3 de silicona de 1.5 metres de llargada, assegurant un voltatge estable fins i tot durant l&#8217;\u00fas prolongat sense sobreescalfar-se.<\/p>\n<p>Construcci\u00f3 robusta i est\u00e8tica: Amb el seu panell central de control electro xapat i una carcassa de polipropil\u00e8, la font d&#8217;alimentaci\u00f3 mant\u00e9 la seva aparen\u00e7a vibrant i \u00e9s resistent a l&#8217;esva\u00efment, lluint com a nova per molt de temps.<\/p>\n<p>Caracter\u00edstiques:<\/p>\n<p>Modes t\u00e0ctil i de creuer amb pedal<\/p>\n<p>Connexi\u00f3 d&#8217;entrada a m\u00e0quina de tatuatge Jack de 0,6 mm<\/p>\n<p>Connexi\u00f3 d&#8217;entrada de pedal de tatuatge Jack de 0,6 mm<\/p>\n<p>Superf\u00edcie frontal amb acabat mirall<\/p>\n<p>Especificacions:<\/p>\n<p>Perilla d&#8217;ajust de voltatge de sortida: 1,5 amb increments de 0,1V -12 V, 2,5 A<\/p>\n<p>Voltatge d&#8217;entrada: 240 V CA 50\/60 Hz<\/p>\n<p>Dimensions: 100 x 60 x 105 mm<\/p>\n<p>Protecci\u00f3 de c\u00e0rrega de voltatge: 99%<\/p>\n<p>&nbsp;<\/p>\n<p>Colors disponibles: vermell i negre.<\/p><\/div>\n<p><!-- .vgblk-rw-wrapper --><\/p>\n","protected":false},"excerpt":{"rendered":"<p>Descripci\u00f3 del producte: HD008 Tattoo Power Supply Gran pantalla LCD: Ofereix una pantalla gran amb un ampli angle de visi\u00f3, cosa que facilita el monitoratge prec\u00eds del voltatge durant el tatuatge. Perilla d\u02bbajust de voltatge de sortida: El bot\u00f3 giratori permet ajustar el voltatge en increments de 0.1V, garantint precisi\u00f3 per a una experi\u00e8ncia de&#8230;<\/p>\n","protected":false},"featured_media":989245,"comment_status":"open","ping_status":"closed","template":"","meta":[],"product_brand":[],"product_cat":[189],"product_tag":[],"class_list":{"0":"post-989263","1":"product","2":"type-product","3":"status-publish","4":"has-post-thumbnail","6":"product_cat-accesoris","8":"first","9":"instock","10":"taxable","11":"shipping-taxable","12":"purchasable","13":"product-type-variable"},"jetpack_sharing_enabled":true,"_links":{"self":[{"href":"https:\/\/arterialstudio.com\/ca\/wp-json\/wp\/v2\/product\/989263","targetHints":{"allow":["GET"]}}],"collection":[{"href":"https:\/\/arterialstudio.com\/ca\/wp-json\/wp\/v2\/product"}],"about":[{"href":"https:\/\/arterialstudio.com\/ca\/wp-json\/wp\/v2\/types\/product"}],"replies":[{"embeddable":true,"href":"https:\/\/arterialstudio.com\/ca\/wp-json\/wp\/v2\/comments?post=989263"}],"wp:featuredmedia":[{"embeddable":true,"href":"https:\/\/arterialstudio.com\/ca\/wp-json\/wp\/v2\/media\/989245"}],"wp:attachment":[{"href":"https:\/\/arterialstudio.com\/ca\/wp-json\/wp\/v2\/media?parent=989263"}],"wp:term":[{"taxonomy":"product_brand","embeddable":true,"href":"https:\/\/arterialstudio.com\/ca\/wp-json\/wp\/v2\/product_brand?post=989263"},{"taxonomy":"product_cat","embeddable":true,"href":"https:\/\/arterialstudio.com\/ca\/wp-json\/wp\/v2\/product_cat?post=989263"},{"taxonomy":"product_tag","embeddable":true,"href":"https:\/\/arterialstudio.com\/ca\/wp-json\/wp\/v2\/product_tag?post=989263"}],"curies":[{"name":"wp","href":"https:\/\/api.w.org\/{rel}","templated":true}]}}