{"id":989231,"date":"2025-10-02T16:24:33","date_gmt":"2025-10-02T16:24:33","guid":{"rendered":"https:\/\/arterialstudio.com\/producto\/aurora-2-power-supply\/"},"modified":"2025-10-02T16:30:30","modified_gmt":"2025-10-02T16:30:30","slug":"aurora-2-power-supply","status":"publish","type":"product","link":"https:\/\/arterialstudio.com\/ca\/producto\/aurora-2-power-supply\/","title":{"rendered":"Aurora 2 power supply"},"content":{"rendered":"<div class=\"vgblk-rw-wrapper limit-wrapper\">Descripci\u00f3 del producte:<\/p>\n<p>Font d\u2019alimentaci\u00f3 per a tatuatges Aurora 2<\/p>\n<p>Connexi\u00f3 dual per a dues m\u00e0quines de tatuatge simult\u00e0niament.<\/p>\n<p>Font d\u2019alimentaci\u00f3 professional per a tatuatges LCD Mini AURORA II amb adaptador de corrent per a m\u00e0quines de tatuatge rotatives i de bobina.<\/p>\n<p>Voltatge de sortida: 1.5V &#8211; 16V, amb indicador que canvia de color segons el voltatge. <\/p>\n<p>Dimensions: 7,3 cm de di\u00e0metre, 4,45 cm d\u2019al\u00e7ada.<\/p>\n<p>Pes: 187 g.<\/p>\n<p>Bot\u00f3 de control giratori f\u00e0cil d\u2019usar per encendre\/apagar, canviar de mode i ajustar el voltatge.<\/p>\n<p>Funci\u00f3 de mode d\u2019inici per a m\u00e0quines de tatuatge rotatives.<\/p>\n<p>Entrada mono Jack de 6 mm per a cable de clip est\u00e0ndard i pedal (no es requereix pedal per al funcionament). Dos modes de pedal: mantingut o momentani. <\/p>\n<p>Carcassa d\u2019alumini anoditzat mecanitzat per CNC.<\/p>\n<p>Imants incorporats i suports de silicona per a \u00fas en diverses superf\u00edcies.<\/p>\n<p>&nbsp;<\/p>\n<p>El paquet inclou:<\/p>\n<p>1 font d\u2019alimentaci\u00f3.<\/p>\n<p>1 adaptador.<\/p>\n<p>1 cable de corrent (si no hi ha cap nota especial, s\u2019enviar\u00e0 per defecte l\u2019endoll est\u00e0ndard europeu).<\/p>\n<p>1 manual d\u2019instruccions.<\/p>\n<p>&nbsp;<\/p>\n<p>Colors: Plata \/ Negre<\/p><\/div>\n<p><!-- .vgblk-rw-wrapper --><\/p>\n","protected":false},"excerpt":{"rendered":"<p>Descripci\u00f3 del producte: Font d\u2019alimentaci\u00f3 per a tatuatges Aurora 2 Connexi\u00f3 dual per a dues m\u00e0quines de tatuatge simult\u00e0niament. Font d\u2019alimentaci\u00f3 professional per a tatuatges LCD Mini AURORA II amb adaptador de corrent per a m\u00e0quines de tatuatge rotatives i de bobina. Voltatge de sortida: 1.5V &#8211; 16V, amb indicador que canvia de color segons&#8230;<\/p>\n","protected":false},"featured_media":989224,"comment_status":"open","ping_status":"closed","template":"","meta":[],"product_brand":[],"product_cat":[189],"product_tag":[],"class_list":{"0":"post-989231","1":"product","2":"type-product","3":"status-publish","4":"has-post-thumbnail","6":"product_cat-accesoris","8":"first","9":"instock","10":"taxable","11":"shipping-taxable","12":"purchasable","13":"product-type-variable"},"jetpack_sharing_enabled":true,"_links":{"self":[{"href":"https:\/\/arterialstudio.com\/ca\/wp-json\/wp\/v2\/product\/989231","targetHints":{"allow":["GET"]}}],"collection":[{"href":"https:\/\/arterialstudio.com\/ca\/wp-json\/wp\/v2\/product"}],"about":[{"href":"https:\/\/arterialstudio.com\/ca\/wp-json\/wp\/v2\/types\/product"}],"replies":[{"embeddable":true,"href":"https:\/\/arterialstudio.com\/ca\/wp-json\/wp\/v2\/comments?post=989231"}],"wp:featuredmedia":[{"embeddable":true,"href":"https:\/\/arterialstudio.com\/ca\/wp-json\/wp\/v2\/media\/989224"}],"wp:attachment":[{"href":"https:\/\/arterialstudio.com\/ca\/wp-json\/wp\/v2\/media?parent=989231"}],"wp:term":[{"taxonomy":"product_brand","embeddable":true,"href":"https:\/\/arterialstudio.com\/ca\/wp-json\/wp\/v2\/product_brand?post=989231"},{"taxonomy":"product_cat","embeddable":true,"href":"https:\/\/arterialstudio.com\/ca\/wp-json\/wp\/v2\/product_cat?post=989231"},{"taxonomy":"product_tag","embeddable":true,"href":"https:\/\/arterialstudio.com\/ca\/wp-json\/wp\/v2\/product_tag?post=989231"}],"curies":[{"name":"wp","href":"https:\/\/api.w.org\/{rel}","templated":true}]}}