{"id":989196,"date":"2025-10-02T15:46:17","date_gmt":"2025-10-02T15:46:17","guid":{"rendered":"https:\/\/arterialstudio.com\/producto\/pedal-dacer-inoxidable-anoditzat\/"},"modified":"2025-10-02T15:46:17","modified_gmt":"2025-10-02T15:46:17","slug":"pedal-dacer-inoxidable-anoditzat","status":"publish","type":"product","link":"https:\/\/arterialstudio.com\/ca\/producto\/pedal-dacer-inoxidable-anoditzat\/","title":{"rendered":"Pedal d\u00b4acer inoxidable anoditzat"},"content":{"rendered":"<div class=\"vgblk-rw-wrapper limit-wrapper\">Descripci\u00f3 del producte:<\/p>\n<p>Pedal d\u2019acer inoxidable anoditzat, fort i resistent.<\/p>\n<p>El pedal de tatuatge est\u00e0 fet d\u2019acer inoxidable 360, un equip de qualitat resistent fet per durar.<\/p>\n<p>Dissenyat a prova d\u2019aigua per a una comoditat superior del turmell i un control excel\u00b7lent de la m\u00e0quina. Coixinet de goma professional. La base del pedal t\u00e9 una funci\u00f3 antilliscant que no deixa marques. Durador, compacte, f\u00e0cil de transportar i d\u2019utilitzar.   <\/p>\n<p>Pedal de tatuatge rod\u00f3 d\u2019acer inoxidable per a tot tipus d\u2019alimentaci\u00f3 de m\u00e0quines de tatuatge, la primera elecci\u00f3 dels tatuadors professionals!<\/p>\n<p>Mida: 13 x 13 x 4 cm.<\/p>\n<p>Longitud del cable: 1,5 m.<\/p>\n<p>Connector: phono Jack.<\/p>\n<p>Pes net: 275 g.<\/p>\n<p>Pes del paquet amb l\u2019embalatge: 350 g.<\/p>\n<p>Colors:<\/p>\n<p>Negre, Vermell, Blau, Verd.<\/p>\n<p>Tots els nostres productes tenen IVA incl\u00f2s<\/p><\/div>\n<p><!-- .vgblk-rw-wrapper --><\/p>\n","protected":false},"excerpt":{"rendered":"<p>Descripci\u00f3 del producte: Pedal d\u2019acer inoxidable anoditzat, fort i resistent. El pedal de tatuatge est\u00e0 fet d\u2019acer inoxidable 360, un equip de qualitat resistent fet per durar. Dissenyat a prova d\u2019aigua per a una comoditat superior del turmell i un control excel\u00b7lent de la m\u00e0quina. Coixinet de goma professional. La base del pedal t\u00e9 una&#8230;<\/p>\n","protected":false},"featured_media":989176,"comment_status":"open","ping_status":"closed","template":"","meta":[],"product_brand":[],"product_cat":[189],"product_tag":[],"class_list":{"0":"post-989196","1":"product","2":"type-product","3":"status-publish","4":"has-post-thumbnail","6":"product_cat-accesoris","8":"first","9":"instock","10":"taxable","11":"shipping-taxable","12":"purchasable","13":"product-type-variable"},"jetpack_sharing_enabled":true,"_links":{"self":[{"href":"https:\/\/arterialstudio.com\/ca\/wp-json\/wp\/v2\/product\/989196","targetHints":{"allow":["GET"]}}],"collection":[{"href":"https:\/\/arterialstudio.com\/ca\/wp-json\/wp\/v2\/product"}],"about":[{"href":"https:\/\/arterialstudio.com\/ca\/wp-json\/wp\/v2\/types\/product"}],"replies":[{"embeddable":true,"href":"https:\/\/arterialstudio.com\/ca\/wp-json\/wp\/v2\/comments?post=989196"}],"wp:featuredmedia":[{"embeddable":true,"href":"https:\/\/arterialstudio.com\/ca\/wp-json\/wp\/v2\/media\/989176"}],"wp:attachment":[{"href":"https:\/\/arterialstudio.com\/ca\/wp-json\/wp\/v2\/media?parent=989196"}],"wp:term":[{"taxonomy":"product_brand","embeddable":true,"href":"https:\/\/arterialstudio.com\/ca\/wp-json\/wp\/v2\/product_brand?post=989196"},{"taxonomy":"product_cat","embeddable":true,"href":"https:\/\/arterialstudio.com\/ca\/wp-json\/wp\/v2\/product_cat?post=989196"},{"taxonomy":"product_tag","embeddable":true,"href":"https:\/\/arterialstudio.com\/ca\/wp-json\/wp\/v2\/product_tag?post=989196"}],"curies":[{"name":"wp","href":"https:\/\/api.w.org\/{rel}","templated":true}]}}