{"id":989148,"date":"2025-10-02T12:20:53","date_gmt":"2025-10-02T12:20:53","guid":{"rendered":"https:\/\/arterialstudio.com\/producto\/cable-rca\/"},"modified":"2025-10-02T14:10:40","modified_gmt":"2025-10-02T14:10:40","slug":"cable-rca","status":"publish","type":"product","link":"https:\/\/arterialstudio.com\/ca\/producto\/cable-rca\/","title":{"rendered":"Cable RCA"},"content":{"rendered":"<div class=\"vgblk-rw-wrapper limit-wrapper\">Descripci\u00f3 del producte:<\/p>\n<p>Cable de corrent Jack a RCA<\/p>\n<p>Cable de recanvi de font d&#8217;Alimentaci\u00f3 a M\u00e0quina de Tatuar. S\u00faper lleuger i resistent. Construcci\u00f3 lleugera per reduir la fatiga de les mans.  <\/p>\n<p>Longitud: 2 metres.<\/p>\n<p>Construcci\u00f3 d\u00b4alta qualitat per garantir una connexi\u00f3 estable en tot moment. Consta de 40 cables conductors de coure amb un revestiment de goma de primera qualitat per a m\u00e9s durabilitat i longevitat. <\/p>\n<p>&nbsp;<\/p>\n<p>Disponible en 2 configuraciones:<\/p>\n<p>GX048\u2015Recte (RCA-I),<\/p>\n<p>GX049\u201590 graus (RCA-L)<\/p><\/div>\n<p><!-- .vgblk-rw-wrapper --><\/p>\n","protected":false},"excerpt":{"rendered":"<p>Descripci\u00f3 del producte: Cable de corrent Jack a RCA Cable de recanvi de font d&#8217;Alimentaci\u00f3 a M\u00e0quina de Tatuar. S\u00faper lleuger i resistent. Construcci\u00f3 lleugera per reduir la fatiga de les mans. Longitud: 2 metres. Construcci\u00f3 d\u00b4alta qualitat per garantir una connexi\u00f3 estable en tot moment. Consta de 40 cables conductors de coure amb un&#8230;<\/p>\n","protected":false},"featured_media":988405,"comment_status":"open","ping_status":"closed","template":"","meta":[],"product_brand":[],"product_cat":[189],"product_tag":[],"class_list":{"0":"post-989148","1":"product","2":"type-product","3":"status-publish","4":"has-post-thumbnail","6":"product_cat-accesoris","8":"first","9":"instock","10":"taxable","11":"shipping-taxable","12":"purchasable","13":"product-type-simple"},"jetpack_sharing_enabled":true,"_links":{"self":[{"href":"https:\/\/arterialstudio.com\/ca\/wp-json\/wp\/v2\/product\/989148","targetHints":{"allow":["GET"]}}],"collection":[{"href":"https:\/\/arterialstudio.com\/ca\/wp-json\/wp\/v2\/product"}],"about":[{"href":"https:\/\/arterialstudio.com\/ca\/wp-json\/wp\/v2\/types\/product"}],"replies":[{"embeddable":true,"href":"https:\/\/arterialstudio.com\/ca\/wp-json\/wp\/v2\/comments?post=989148"}],"wp:featuredmedia":[{"embeddable":true,"href":"https:\/\/arterialstudio.com\/ca\/wp-json\/wp\/v2\/media\/988405"}],"wp:attachment":[{"href":"https:\/\/arterialstudio.com\/ca\/wp-json\/wp\/v2\/media?parent=989148"}],"wp:term":[{"taxonomy":"product_brand","embeddable":true,"href":"https:\/\/arterialstudio.com\/ca\/wp-json\/wp\/v2\/product_brand?post=989148"},{"taxonomy":"product_cat","embeddable":true,"href":"https:\/\/arterialstudio.com\/ca\/wp-json\/wp\/v2\/product_cat?post=989148"},{"taxonomy":"product_tag","embeddable":true,"href":"https:\/\/arterialstudio.com\/ca\/wp-json\/wp\/v2\/product_tag?post=989148"}],"curies":[{"name":"wp","href":"https:\/\/api.w.org\/{rel}","templated":true}]}}