{"id":988700,"date":"2025-04-27T12:29:52","date_gmt":"2025-04-27T12:29:52","guid":{"rendered":"https:\/\/arterialstudio.com\/?post_type=product&#038;p=988700"},"modified":"2025-04-27T12:29:53","modified_gmt":"2025-04-27T12:29:53","slug":"fotocopiadora-termografica-de-stencil","status":"publish","type":"product","link":"https:\/\/arterialstudio.com\/ca\/producto\/fotocopiadora-termografica-de-stencil\/","title":{"rendered":"Fotocopiadora termogr\u00e1fica de stencil"},"content":{"rendered":"<div class=\"vgblk-rw-wrapper limit-wrapper\">Ideal para tatuadores: la fotocopiadora t\u00e9rmica est\u00e1 especialmente dise\u00f1ada para entusiastas del tatuaje. Transfiere eficientemente dise\u00f1os de tatuajes en papel normal a hoja stencil utilizando tecnolog\u00eda t\u00e9rmica en pasos simples y sin errores, lo que reduce el tiempo de dibujar a mano sobre la piel o calcar sobre el papel hectogr\u00e1fico. No necesita repuestos ni tinta, m\u00e1s econ\u00f3mica que otras m\u00e1quinas de impresi\u00f3n. Utiliza plantilla de tatuaje tradicional. Compatible con tama\u00f1os de papel A4 y A5. 30 papeles de transferencia de tatuajes est\u00e1n incluidos.<\/p>\n<p><strong>M\u00faltiples configuraciones<\/strong>: modo espejo, modo foto y 2 par\u00e1metros de profundidad (I &amp; II para l\u00edneas finas y gruesas) se adapta a sus diferentes necesidades de copia de plantillas. Los botones Copiar y Detener son para uso pr\u00e1ctico.<\/p>\n<p><strong>F\u00e1cil de Usar<\/strong>: La m\u00e1quina de transferencia de plantillas para tatuajes es f\u00e1cil de manejar, incluso para aquellos que no tienen experiencia con este tipo de equipos. La interfaz intuitiva y el sencillo proceso de transferencia hacen que cualquier tatuador pueda comenzar a usarla con rapidez y eficiencia.<\/p>\n<p><strong>Liviana<\/strong>: Esta impresora pesa s\u00f3lo 1,5 kg y cabe perfectamente en cualquier escritorio, mostrador o espacio de trabajo. Se puede mover r\u00e1pidamente y es f\u00e1cil de almacenar, lo que le brinda m\u00e1s comodidad. M\u00e1s importante a\u00fan, no se sobrecalienta f\u00e1cilmente.<\/p>\n<p><strong>2 indicadores luminosos:<\/strong> la luz de encendido indica cuando la m\u00e1quina comienza a funcionar, la luz de error indica un problema con la m\u00e1quina, como que se est\u00e1 sobrecalentando.<\/p>\n<p><strong>Observaciones:<\/strong><\/p>\n<p>Para lograr un mejor efecto de transferencia, la m\u00e1quina debe descansar durante unos minutos despu\u00e9s de copiar de 1 a 2 hojas.<\/p>\n<p>Esta m\u00e1quina no es adecuada para patrones sombr\u00edos complejos, solo es adecuada para patrones simples con l\u00edneas claras (Vea como referencia las fotos en la descripci\u00f3n del producto).<\/p>\n<p>La mala calidad del papel de transferencia, el papel arrugado o el atasco de papel causar\u00e1n una impresi\u00f3n deficiente, as\u00ed que aseg\u00farese de que la calidad del papel de transferencia sea buena.<\/p>\n<p><strong>Especificaciones:<\/strong><\/p>\n<p>Modo de escaneo: CIS<\/p>\n<p>Ancho de escaneo efectivo: aprox. 210 mm<\/p>\n<p>Resoluci\u00f3n de escaneo: horizontal: 8 puntos\/mm, vertical: 7,7 l\u00edneas\/mm<\/p>\n<p>Tipo de documento: fino\/foto<\/p>\n<p>Tama\u00f1o del documento: A5 &#8211; A4<\/p>\n<p>Grosor del documento: aprox. 0,06 mm-0,15 mm<\/p>\n<p>Modo de grabaci\u00f3n: TPH<\/p>\n<p>Ancho de impresi\u00f3n efectivo: aprox. 210 mm<\/p>\n<p>Fuente de alimentaci\u00f3n: CA 100 V-240 V 50 Hz\/1,2 A.<\/p>\n<p>Consumo de energ\u00eda: 10W en espera<\/p>\n<p>Temperatura de funcionamiento: 5\u00baC &#8211; 35\u00baC<\/p>\n<p>Humedad relativa: 20% a 80%<\/p>\n<p>Material: ABS<\/p>\n<p>Color: Negro<\/p>\n<p>Tama\u00f1o del art\u00edculo: Aprox. 29,2 x 22,5 x 8,4cm<\/p>\n<p>Peso de la fotocopiadora: aprox. 1500g<\/p>\n<p>Tama\u00f1o del paquete: 32,0 x 30,5 x 13 cm<\/p>\n<p>Peso del paquete: 2270 g<\/p>\n<p>&nbsp;<\/p>\n<p><strong>Contenido del paquete:<\/strong><\/p>\n<p>1 fotocopiadora t\u00e9rmica de stencil<\/p>\n<p>30 hojas de transferencia de tatuajes<\/p>\n<p>1 cable de alimentaci\u00f3n<\/p>\n<p>1 manual de usuario<\/p><\/div>\n<p><!-- .vgblk-rw-wrapper --><\/p>\n","protected":false},"excerpt":{"rendered":"<p>Ideal para tatuadores: la fotocopiadora t\u00e9rmica est\u00e1 especialmente dise\u00f1ada para entusiastas del tatuaje. Transfiere eficientemente dise\u00f1os de tatuajes en papel normal a hoja stencil utilizando tecnolog\u00eda t\u00e9rmica en pasos simples y sin errores, lo que reduce el tiempo de dibujar a mano sobre la piel o calcar sobre el papel hectogr\u00e1fico. No necesita repuestos ni&#8230;<\/p>\n","protected":false},"featured_media":988701,"comment_status":"closed","ping_status":"closed","template":"","meta":[],"product_brand":[],"product_cat":[175],"product_tag":[],"class_list":{"0":"post-988700","1":"product","2":"type-product","3":"status-publish","4":"has-post-thumbnail","6":"product_cat-diseno","8":"first","9":"instock","10":"taxable","11":"shipping-taxable","12":"purchasable","13":"product-type-simple"},"jetpack_sharing_enabled":true,"_links":{"self":[{"href":"https:\/\/arterialstudio.com\/ca\/wp-json\/wp\/v2\/product\/988700","targetHints":{"allow":["GET"]}}],"collection":[{"href":"https:\/\/arterialstudio.com\/ca\/wp-json\/wp\/v2\/product"}],"about":[{"href":"https:\/\/arterialstudio.com\/ca\/wp-json\/wp\/v2\/types\/product"}],"replies":[{"embeddable":true,"href":"https:\/\/arterialstudio.com\/ca\/wp-json\/wp\/v2\/comments?post=988700"}],"wp:featuredmedia":[{"embeddable":true,"href":"https:\/\/arterialstudio.com\/ca\/wp-json\/wp\/v2\/media\/988701"}],"wp:attachment":[{"href":"https:\/\/arterialstudio.com\/ca\/wp-json\/wp\/v2\/media?parent=988700"}],"wp:term":[{"taxonomy":"product_brand","embeddable":true,"href":"https:\/\/arterialstudio.com\/ca\/wp-json\/wp\/v2\/product_brand?post=988700"},{"taxonomy":"product_cat","embeddable":true,"href":"https:\/\/arterialstudio.com\/ca\/wp-json\/wp\/v2\/product_cat?post=988700"},{"taxonomy":"product_tag","embeddable":true,"href":"https:\/\/arterialstudio.com\/ca\/wp-json\/wp\/v2\/product_tag?post=988700"}],"curies":[{"name":"wp","href":"https:\/\/api.w.org\/{rel}","templated":true}]}}