{"id":988483,"date":"2025-03-17T10:53:04","date_gmt":"2025-03-17T10:53:04","guid":{"rendered":"https:\/\/arterialstudio.com\/producto\/hd008-font-dalimentacio-tattoo\/"},"modified":"2025-03-17T10:53:04","modified_gmt":"2025-03-17T10:53:04","slug":"hd008-font-dalimentacio-tattoo","status":"publish","type":"product","link":"https:\/\/arterialstudio.com\/ca\/producto\/hd008-font-dalimentacio-tattoo\/","title":{"rendered":"HD008 Font d&#8217;alimentaci\u00f3 Tattoo"},"content":{"rendered":"<div class=\"vgblk-rw-wrapper limit-wrapper\">Gran pantalla LCD: Ofereix una pantalla gran amb un ampli angle de visi\u00f3, facilitant el monitoratge prec\u00eds del voltatge durant el tatuatge.<br \/>Perilla d&#8217;ajust de voltatge de sortida: El bot\u00f3 giratori permet ajustar el voltatge en increments de 0,1V, garantint precisi\u00f3 per una experi\u00e8ncia de tatuatge m\u00e9s suau.<br \/>Modes d&#8217;operaci\u00f3 duals: Proporciona flexibilitat amb dos modes. Utilitza el pedal de peu per controlar-lo quan estigui connectat o simplement prem el bot\u00f3 d&#8217;ajust de voltatge quan el pedal de peu no estigui connectat, estalviant temps i esfor\u00e7.<br \/>Endoll d&#8217;alimentaci\u00f3 est\u00e0ndard i durabilitat del material: Disposa d&#8217;un endoll d&#8217;alimentaci\u00f3 en forma de 8, fabricat amb materials que resisteixen la calor i ofereixen un bon retard al foc. Ve amb un endoll est\u00e0ndard per a m\u00e9s comoditat.<br \/>Cable d&#8217;alimentaci\u00f3 est\u00e8s: Equipat amb un cable d&#8217;alimentaci\u00f3 de silicona de 1,5 metres de llarg, assegurant un voltatge estable fins i tot durant l&#8217;\u00fas prolongat sense sobreescalfament.<br \/>Construcci\u00f3 robusta i est\u00e8tica: Amb el seu panell central de control electr\u00f3-xapat i una carcassa de polipropil\u00e8, l&#8217;alimentaci\u00f3 mant\u00e9 la seva aparen\u00e7a vibrant i \u00e9s resistent a la decoloraci\u00f3, mantenint-se com nova durant molt de temps.  <\/p>\n<p>Caracter\u00edstiques:<\/p>\n<p>Modes t\u00e0ctil i de creuer amb pedal<\/p>\n<p>Connexi\u00f3 d&#8217;entrada a m\u00e0quina de tatuatge Jack de 0,6 mm<\/p>\n<p>Connexi\u00f3 d&#8217;entrada de pedal de tatuatge Jack de 0,6 mm<\/p>\n<p>Superf\u00edcie frontal amb acabat mirall<\/p>\n<p>Especificacions:<\/p>\n<p>Perilla d&#8217;ajust de voltatge de sortida: 1,5 amb increments de 0,1V -12 V, 2,5 A<\/p>\n<p>Voltatge d&#8217;entrada: 240 V CA 50\/60 Hz<\/p>\n<p>Dimensions: 100 x 60 x 105 mm<\/p>\n<p>Protecci\u00f3 de c\u00e0rrega de voltatge: 99%<\/p>\n<p>Colors disponibles: vermell i negre.<\/p><\/div>\n<p><!-- .vgblk-rw-wrapper --><\/p>\n","protected":false},"excerpt":{"rendered":"<p>Gran pantalla LCD: Ofereix una pantalla gran amb un ampli angle de visi\u00f3, facilitant el monitoratge prec\u00eds del voltatge durant el tatuatge.Perilla d&#8217;ajust de voltatge de sortida: El bot\u00f3 giratori permet ajustar el voltatge en increments de 0,1V, garantint precisi\u00f3 per una experi\u00e8ncia de tatuatge m\u00e9s suau.Modes d&#8217;operaci\u00f3 duals: Proporciona flexibilitat amb dos modes. Utilitza&#8230;<\/p>\n","protected":false},"featured_media":988487,"comment_status":"closed","ping_status":"closed","template":"","meta":[],"product_brand":[],"product_cat":[189],"product_tag":[],"class_list":{"0":"post-988483","1":"product","2":"type-product","3":"status-publish","4":"has-post-thumbnail","6":"product_cat-accesoris","8":"first","9":"instock","10":"taxable","11":"shipping-taxable","12":"purchasable","13":"product-type-simple"},"jetpack_sharing_enabled":true,"_links":{"self":[{"href":"https:\/\/arterialstudio.com\/ca\/wp-json\/wp\/v2\/product\/988483","targetHints":{"allow":["GET"]}}],"collection":[{"href":"https:\/\/arterialstudio.com\/ca\/wp-json\/wp\/v2\/product"}],"about":[{"href":"https:\/\/arterialstudio.com\/ca\/wp-json\/wp\/v2\/types\/product"}],"replies":[{"embeddable":true,"href":"https:\/\/arterialstudio.com\/ca\/wp-json\/wp\/v2\/comments?post=988483"}],"wp:featuredmedia":[{"embeddable":true,"href":"https:\/\/arterialstudio.com\/ca\/wp-json\/wp\/v2\/media\/988487"}],"wp:attachment":[{"href":"https:\/\/arterialstudio.com\/ca\/wp-json\/wp\/v2\/media?parent=988483"}],"wp:term":[{"taxonomy":"product_brand","embeddable":true,"href":"https:\/\/arterialstudio.com\/ca\/wp-json\/wp\/v2\/product_brand?post=988483"},{"taxonomy":"product_cat","embeddable":true,"href":"https:\/\/arterialstudio.com\/ca\/wp-json\/wp\/v2\/product_cat?post=988483"},{"taxonomy":"product_tag","embeddable":true,"href":"https:\/\/arterialstudio.com\/ca\/wp-json\/wp\/v2\/product_tag?post=988483"}],"curies":[{"name":"wp","href":"https:\/\/api.w.org\/{rel}","templated":true}]}}