{"id":988433,"date":"2025-03-17T10:01:06","date_gmt":"2025-03-17T10:01:06","guid":{"rendered":"https:\/\/arterialstudio.com\/producto\/quatat-edge-clip-cord-super-lleuger-i-resistent\/"},"modified":"2025-03-17T10:01:06","modified_gmt":"2025-03-17T10:01:06","slug":"quatat-edge-clip-cord-super-lleuger-i-resistent","status":"publish","type":"product","link":"https:\/\/arterialstudio.com\/ca\/producto\/quatat-edge-clip-cord-super-lleuger-i-resistent\/","title":{"rendered":"QUATAT EDGE CLIP CORD, s\u00faper lleuger i resistent."},"content":{"rendered":"<div class=\"vgblk-rw-wrapper limit-wrapper\">Cable d&#8217;alimentaci\u00f3 amb connector Clip-Cord \/ RCA per a tatuatges de primera qualitat.<\/p>\n<p>Construcci\u00f3 lleugera per disminuir la fatiga de les mans.<\/p>\n<p>Longitud: 2 Metres.<\/p>\n<p>Construcci\u00f3 d&#8217;alta qualitat per garantir sempre una connexi\u00f3 estable. Consta de 40 cables conductors de coure amb un revestiment de cautx\u00fa de primera qualitat per a m\u00e9s longevitat i durabilitat. Connectors banyats en or.  <\/p><\/div>\n<p><!-- .vgblk-rw-wrapper --><\/p>\n","protected":false},"excerpt":{"rendered":"<p>Cable d&#8217;alimentaci\u00f3 amb connector Clip-Cord \/ RCA per a tatuatges de primera qualitat. Construcci\u00f3 lleugera per disminuir la fatiga de les mans. Longitud: 2 Metres. Construcci\u00f3 d&#8217;alta qualitat per garantir sempre una connexi\u00f3 estable. Consta de 40 cables conductors de coure amb un revestiment de cautx\u00fa de primera qualitat per a m\u00e9s longevitat i durabilitat&#8230;.<\/p>\n","protected":false},"featured_media":988419,"comment_status":"closed","ping_status":"closed","template":"","meta":[],"product_brand":[],"product_cat":[189],"product_tag":[],"class_list":{"0":"post-988433","1":"product","2":"type-product","3":"status-publish","4":"has-post-thumbnail","6":"product_cat-accesoris","8":"first","9":"instock","10":"taxable","11":"shipping-taxable","12":"purchasable","13":"product-type-variable"},"jetpack_sharing_enabled":true,"_links":{"self":[{"href":"https:\/\/arterialstudio.com\/ca\/wp-json\/wp\/v2\/product\/988433","targetHints":{"allow":["GET"]}}],"collection":[{"href":"https:\/\/arterialstudio.com\/ca\/wp-json\/wp\/v2\/product"}],"about":[{"href":"https:\/\/arterialstudio.com\/ca\/wp-json\/wp\/v2\/types\/product"}],"replies":[{"embeddable":true,"href":"https:\/\/arterialstudio.com\/ca\/wp-json\/wp\/v2\/comments?post=988433"}],"wp:featuredmedia":[{"embeddable":true,"href":"https:\/\/arterialstudio.com\/ca\/wp-json\/wp\/v2\/media\/988419"}],"wp:attachment":[{"href":"https:\/\/arterialstudio.com\/ca\/wp-json\/wp\/v2\/media?parent=988433"}],"wp:term":[{"taxonomy":"product_brand","embeddable":true,"href":"https:\/\/arterialstudio.com\/ca\/wp-json\/wp\/v2\/product_brand?post=988433"},{"taxonomy":"product_cat","embeddable":true,"href":"https:\/\/arterialstudio.com\/ca\/wp-json\/wp\/v2\/product_cat?post=988433"},{"taxonomy":"product_tag","embeddable":true,"href":"https:\/\/arterialstudio.com\/ca\/wp-json\/wp\/v2\/product_tag?post=988433"}],"curies":[{"name":"wp","href":"https:\/\/api.w.org\/{rel}","templated":true}]}}