{"id":988144,"date":"2025-03-17T07:06:26","date_gmt":"2025-03-17T07:06:26","guid":{"rendered":"https:\/\/arterialstudio.com\/producto\/llencol-per-a-salo-de-bellesa-estudi-de-tatuatges\/"},"modified":"2025-03-17T07:06:26","modified_gmt":"2025-03-17T07:06:26","slug":"llencol-per-a-salo-de-bellesa-estudi-de-tatuatges","status":"publish","type":"product","link":"https:\/\/arterialstudio.com\/ca\/producto\/llencol-per-a-salo-de-bellesa-estudi-de-tatuatges\/","title":{"rendered":"Llen\u00e7ol per a sal\u00f3 de bellesa \/ estudi de tatuatges"},"content":{"rendered":"<div class=\"vgblk-rw-wrapper limit-wrapper\">Material: teixit no teixit laminat.<\/p>\n<p>Mida: 80 x 180 cm (adequat per a lliteres de menys de 70 cm d&#8217;amplada).<\/p>\n<p>Suau i agradable per a la pell, no la irrita.<\/p>\n<p>C\u00f2mode i transpirable, no \u00e9s impermeable ni resistent a l&#8217;oli.<\/p>\n<p>\u00c9s fort i no es deforma f\u00e0cilment.<\/p>\n<p>Pack de 20 unitats.<\/p><\/div>\n<p><!-- .vgblk-rw-wrapper --><\/p>\n","protected":false},"excerpt":{"rendered":"<p>Material: teixit no teixit laminat. Mida: 80 x 180 cm (adequat per a lliteres de menys de 70 cm d&#8217;amplada). Suau i agradable per a la pell, no la irrita. C\u00f2mode i transpirable, no \u00e9s impermeable ni resistent a l&#8217;oli. \u00c9s fort i no es deforma f\u00e0cilment. Pack de 20 unitats.<\/p>\n","protected":false},"featured_media":988130,"comment_status":"closed","ping_status":"closed","template":"","meta":[],"product_brand":[],"product_cat":[174],"product_tag":[],"class_list":{"0":"post-988144","1":"product","2":"type-product","3":"status-publish","4":"has-post-thumbnail","6":"product_cat-productes-dhigiene","8":"first","9":"instock","10":"taxable","11":"shipping-taxable","12":"purchasable","13":"product-type-simple"},"jetpack_sharing_enabled":true,"_links":{"self":[{"href":"https:\/\/arterialstudio.com\/ca\/wp-json\/wp\/v2\/product\/988144","targetHints":{"allow":["GET"]}}],"collection":[{"href":"https:\/\/arterialstudio.com\/ca\/wp-json\/wp\/v2\/product"}],"about":[{"href":"https:\/\/arterialstudio.com\/ca\/wp-json\/wp\/v2\/types\/product"}],"replies":[{"embeddable":true,"href":"https:\/\/arterialstudio.com\/ca\/wp-json\/wp\/v2\/comments?post=988144"}],"wp:featuredmedia":[{"embeddable":true,"href":"https:\/\/arterialstudio.com\/ca\/wp-json\/wp\/v2\/media\/988130"}],"wp:attachment":[{"href":"https:\/\/arterialstudio.com\/ca\/wp-json\/wp\/v2\/media?parent=988144"}],"wp:term":[{"taxonomy":"product_brand","embeddable":true,"href":"https:\/\/arterialstudio.com\/ca\/wp-json\/wp\/v2\/product_brand?post=988144"},{"taxonomy":"product_cat","embeddable":true,"href":"https:\/\/arterialstudio.com\/ca\/wp-json\/wp\/v2\/product_cat?post=988144"},{"taxonomy":"product_tag","embeddable":true,"href":"https:\/\/arterialstudio.com\/ca\/wp-json\/wp\/v2\/product_tag?post=988144"}],"curies":[{"name":"wp","href":"https:\/\/api.w.org\/{rel}","templated":true}]}}